{"id":50254,"date":"2019-08-30T19:20:56","date_gmt":"2019-08-30T19:20:56","guid":{"rendered":"https:\/\/unaburo.com\/?page_id=50254"},"modified":"2024-08-07T16:44:04","modified_gmt":"2024-08-07T20:44:04","slug":"gestion-des-subventions","status":"publish","type":"page","link":"https:\/\/unaburo.com\/fr\/nos-solutions\/gestion-des-subventions\/","title":{"rendered":"Gestion des subventions"},"content":{"rendered":"<p>[et_pb_section fb_built=\u00a0\u00bb1&Prime; custom_padding_last_edited=\u00a0\u00bbon|desktop\u00a0\u00bb _builder_version=\u00a0\u00bb4.16&Prime; use_background_color_gradient=\u00a0\u00bbon\u00a0\u00bb background_color_gradient_direction=\u00a0\u00bb45deg\u00a0\u00bb background_color_gradient_stops=\u00a0\u00bbrgba(123,162,175,0.75) 0%|rgba(83,128,150,0.76) 100%\u00a0\u00bb background_color_gradient_overlays_image=\u00a0\u00bbon\u00a0\u00bb background_color_gradient_start=\u00a0\u00bbrgba(123,162,175,0.75)\u00a0\u00bb background_color_gradient_end=\u00a0\u00bbrgba(83,128,150,0.76)\u00a0\u00bb background_image=\u00a0\u00bbhttps:\/\/unaburo.com\/wp-content\/uploads\/una-buro-services.jpg\u00a0\u00bb background_position=\u00a0\u00bbtop_center\u00a0\u00bb custom_padding=\u00a0\u00bb0px||150px|\u00a0\u00bb custom_padding_tablet=\u00a0\u00bb||100px|\u00a0\u00bb custom_padding_phone=\u00a0\u00bb\u00a0\u00bb bottom_divider_style=\u00a0\u00bbwaves2&Prime; bottom_divider_color=\u00a0\u00bb#ffffff\u00a0\u00bb bottom_divider_height=\u00a0\u00bb150px\u00a0\u00bb bottom_divider_height_tablet=\u00a0\u00bb75px\u00a0\u00bb bottom_divider_height_phone=\u00a0\u00bb50px\u00a0\u00bb bottom_divider_height_last_edited=\u00a0\u00bbon|phone\u00a0\u00bb locked=\u00a0\u00bboff\u00a0\u00bb global_colors_info=\u00a0\u00bb{}\u00a0\u00bb da_is_popup=\u00a0\u00bboff\u00a0\u00bb da_exit_intent=\u00a0\u00bboff\u00a0\u00bb da_has_close=\u00a0\u00bbon\u00a0\u00bb da_alt_close=\u00a0\u00bboff\u00a0\u00bb da_dark_close=\u00a0\u00bboff\u00a0\u00bb da_not_modal=\u00a0\u00bbon\u00a0\u00bb da_is_singular=\u00a0\u00bboff\u00a0\u00bb da_with_loader=\u00a0\u00bboff\u00a0\u00bb da_has_shadow=\u00a0\u00bbon\u00a0\u00bb da_disable_devices=\u00a0\u00bboff|off|off\u00a0\u00bb][et_pb_row _builder_version=\u00a0\u00bb4.16&Prime; background_size=\u00a0\u00bbinitial\u00a0\u00bb background_position=\u00a0\u00bbtop_left\u00a0\u00bb background_repeat=\u00a0\u00bbrepeat\u00a0\u00bb global_colors_info=\u00a0\u00bb{}\u00a0\u00bb][et_pb_column type=\u00a0\u00bb4_4&Prime; _builder_version=\u00a0\u00bb4.16&Prime; custom_padding=\u00a0\u00bb|||\u00a0\u00bb global_colors_info=\u00a0\u00bb{}\u00a0\u00bb custom_padding__hover=\u00a0\u00bb|||\u00a0\u00bb][et_pb_text _builder_version=\u00a0\u00bb4.16&Prime; header_font=\u00a0\u00bbMaven Pro|100||on|||||\u00a0\u00bb header_font_size=\u00a0\u00bb100px\u00a0\u00bb header_line_height=\u00a0\u00bb1.3em\u00a0\u00bb header_3_font=\u00a0\u00bbLato|900||on|||||\u00a0\u00bb header_3_font_size=\u00a0\u00bb15px\u00a0\u00bb header_3_letter_spacing=\u00a0\u00bb10px\u00a0\u00bb text_orientation=\u00a0\u00bbcenter\u00a0\u00bb background_layout=\u00a0\u00bbdark\u00a0\u00bb module_alignment=\u00a0\u00bbcenter\u00a0\u00bb header_font_size_tablet=\u00a0\u00bb60px\u00a0\u00bb header_font_size_phone=\u00a0\u00bb40px\u00a0\u00bb header_font_size_last_edited=\u00a0\u00bbon|phone\u00a0\u00bb header_3_font_size_tablet=\u00a0\u00bb\u00a0\u00bb header_3_font_size_phone=\u00a0\u00bb12px\u00a0\u00bb header_3_font_size_last_edited=\u00a0\u00bbon|phone\u00a0\u00bb header_3_letter_spacing_tablet=\u00a0\u00bb\u00a0\u00bb header_3_letter_spacing_phone=\u00a0\u00bb6px\u00a0\u00bb header_3_letter_spacing_last_edited=\u00a0\u00bbon|desktop\u00a0\u00bb z_index_tablet=\u00a0\u00bb500&Prime; global_colors_info=\u00a0\u00bb{}\u00a0\u00bb]<\/p>\n<h1>Gestion des subventions<\/h1>\n<h2>Solution pour les fondations<\/h2>\n<p>[\/et_pb_text][\/et_pb_column][\/et_pb_row][\/et_pb_section][et_pb_section fb_built=\u00a0\u00bb1&Prime; admin_label=\u00a0\u00bbTagline\u00a0\u00bb _builder_version=\u00a0\u00bb4.16&Prime; custom_padding=\u00a0\u00bb48px|0px|22px|0px|false|false\u00a0\u00bb global_colors_info=\u00a0\u00bb{}\u00a0\u00bb da_is_popup=\u00a0\u00bboff\u00a0\u00bb da_exit_intent=\u00a0\u00bboff\u00a0\u00bb da_has_close=\u00a0\u00bbon\u00a0\u00bb da_alt_close=\u00a0\u00bboff\u00a0\u00bb da_dark_close=\u00a0\u00bboff\u00a0\u00bb da_not_modal=\u00a0\u00bbon\u00a0\u00bb da_is_singular=\u00a0\u00bboff\u00a0\u00bb da_with_loader=\u00a0\u00bboff\u00a0\u00bb da_has_shadow=\u00a0\u00bbon\u00a0\u00bb da_disable_devices=\u00a0\u00bboff|off|off\u00a0\u00bb][et_pb_row _builder_version=\u00a0\u00bb4.16&Prime; global_colors_info=\u00a0\u00bb{}\u00a0\u00bb][et_pb_column type=\u00a0\u00bb4_4&Prime; _builder_version=\u00a0\u00bb4.16&Prime; custom_padding=\u00a0\u00bb|||\u00a0\u00bb global_colors_info=\u00a0\u00bb{}\u00a0\u00bb custom_padding__hover=\u00a0\u00bb|||\u00a0\u00bb][et_pb_code _builder_version=\u00a0\u00bb4.16&Prime; global_colors_info=\u00a0\u00bb{}\u00a0\u00bb]<iframe loading=\"lazy\" width=\"272\" height=\"153\" src=\"https:\/\/www.youtube.com\/embed\/IjzTafmWbno\" frameborder=\"0\" allow=\"accelerometer; autoplay; encrypted-media; gyroscope; picture-in-picture\" allowfullscreen><\/iframe>[\/et_pb_code][\/et_pb_column][\/et_pb_row][et_pb_row _builder_version=\u00a0\u00bb4.16&Prime; global_colors_info=\u00a0\u00bb{}\u00a0\u00bb][et_pb_column type=\u00a0\u00bb4_4&Prime; _builder_version=\u00a0\u00bb4.16&Prime; custom_padding=\u00a0\u00bb|||\u00a0\u00bb global_colors_info=\u00a0\u00bb{}\u00a0\u00bb custom_padding__hover=\u00a0\u00bb|||\u00a0\u00bb][et_pb_text admin_label=\u00a0\u00bbTagline\u00a0\u00bb module_id=\u00a0\u00bbtagline\u00a0\u00bb module_class=\u00a0\u00bbgradientText gradientTextOrangePink\u00a0\u00bb _builder_version=\u00a0\u00bb4.25.2&Prime; text_font=\u00a0\u00bb||||||||\u00a0\u00bb text_font_size=\u00a0\u00bb22px\u00a0\u00bb ul_font=\u00a0\u00bb||||||||\u00a0\u00bb ol_font=\u00a0\u00bb||||||||\u00a0\u00bb header_font=\u00a0\u00bb||||||||\u00a0\u00bb header_2_font=\u00a0\u00bbMaven Pro|300|on|on|||||\u00a0\u00bb header_2_text_color=\u00a0\u00bb#831c34&Prime; header_2_font_size=\u00a0\u00bb60px\u00a0\u00bb text_orientation=\u00a0\u00bbcenter\u00a0\u00bb max_width=\u00a0\u00bb55%\u00a0\u00bb max_width_tablet=\u00a0\u00bb90%\u00a0\u00bb max_width_phone=\u00a0\u00bb\u00a0\u00bb max_width_last_edited=\u00a0\u00bbon|desktop\u00a0\u00bb module_alignment=\u00a0\u00bbcenter\u00a0\u00bb custom_padding=\u00a0\u00bb23px|||||\u00a0\u00bb hover_enabled=\u00a0\u00bb0&Prime; header_2_font_size_tablet=\u00a0\u00bb48px\u00a0\u00bb header_2_font_size_phone=\u00a0\u00bb30px\u00a0\u00bb header_2_font_size_last_edited=\u00a0\u00bbon|phone\u00a0\u00bb global_colors_info=\u00a0\u00bb{}\u00a0\u00bb sticky_enabled=\u00a0\u00bb0&Prime;]<\/p>\n<p>Rejoignez des milliers de fondations sur la premi\u00e8re plate-forme infonuagique, Salesforce.com. Passez plus de temps sur votre mission et moins de temps sur les t\u00e2ches manuelles. Devenez une fondation connect\u00e9e!<\/p>\n<p>[\/et_pb_text][et_pb_button button_url=\u00a0\u00bbhttps:\/\/calendly.com\/juliakhon\/appel-avec-julia\u00a0\u00bb url_new_window=\u00a0\u00bbon\u00a0\u00bb button_text=\u00a0\u00bbR\u00e9servez une d\u00e9mo\u00a0\u00bb button_alignment=\u00a0\u00bbcenter\u00a0\u00bb _builder_version=\u00a0\u00bb4.25.2&Prime; custom_button=\u00a0\u00bbon\u00a0\u00bb button_text_color=\u00a0\u00bb#ffffff\u00a0\u00bb button_bg_use_color_gradient=\u00a0\u00bbon\u00a0\u00bb button_bg_color_gradient_direction=\u00a0\u00bb90deg\u00a0\u00bb button_bg_color_gradient_stops=\u00a0\u00bb#831c34 0%|#b02c3c 100%\u00a0\u00bb button_bg_color_gradient_start=\u00a0\u00bb#831c34&Prime; button_bg_color_gradient_end=\u00a0\u00bb#b02c3c\u00a0\u00bb button_border_color=\u00a0\u00bb#ffffff\u00a0\u00bb button_border_radius=\u00a0\u00bb100px\u00a0\u00bb button_use_icon=\u00a0\u00bboff\u00a0\u00bb hover_enabled=\u00a0\u00bb0&Prime; z_index_tablet=\u00a0\u00bb500&Prime; button_text_color_hover=\u00a0\u00bb#f2175f\u00a0\u00bb button_border_color_hover=\u00a0\u00bb#f2175f\u00a0\u00bb button_border_radius_hover=\u00a0\u00bb100px\u00a0\u00bb button_letter_spacing_hover=\u00a0\u00bb1&Prime; button_bg_color_hover=\u00a0\u00bbrgba(255,255,255,0)\u00a0\u00bb global_colors_info=\u00a0\u00bb{}\u00a0\u00bb button_text_size__hover_enabled=\u00a0\u00bboff\u00a0\u00bb button_one_text_size__hover_enabled=\u00a0\u00bboff\u00a0\u00bb button_two_text_size__hover_enabled=\u00a0\u00bboff\u00a0\u00bb button_text_color__hover_enabled=\u00a0\u00bbon\u00a0\u00bb button_text_color__hover=\u00a0\u00bb#831c34&Prime; button_one_text_color__hover_enabled=\u00a0\u00bboff\u00a0\u00bb button_two_text_color__hover_enabled=\u00a0\u00bboff\u00a0\u00bb button_border_width__hover_enabled=\u00a0\u00bboff\u00a0\u00bb button_one_border_width__hover_enabled=\u00a0\u00bboff\u00a0\u00bb button_two_border_width__hover_enabled=\u00a0\u00bboff\u00a0\u00bb button_border_color__hover_enabled=\u00a0\u00bbon\u00a0\u00bb button_border_color__hover=\u00a0\u00bb#831c34&Prime; button_one_border_color__hover_enabled=\u00a0\u00bboff\u00a0\u00bb button_two_border_color__hover_enabled=\u00a0\u00bboff\u00a0\u00bb button_border_radius__hover_enabled=\u00a0\u00bbon\u00a0\u00bb button_border_radius__hover=\u00a0\u00bb100px\u00a0\u00bb button_one_border_radius__hover_enabled=\u00a0\u00bboff\u00a0\u00bb button_two_border_radius__hover_enabled=\u00a0\u00bboff\u00a0\u00bb button_letter_spacing__hover_enabled=\u00a0\u00bbon\u00a0\u00bb button_letter_spacing__hover=\u00a0\u00bb1&Prime; button_one_letter_spacing__hover_enabled=\u00a0\u00bboff\u00a0\u00bb button_two_letter_spacing__hover_enabled=\u00a0\u00bboff\u00a0\u00bb button_bg_color__hover_enabled=\u00a0\u00bbon\u00a0\u00bb button_bg_color__hover=\u00a0\u00bbrgba(255,255,255,0)\u00a0\u00bb button_one_bg_color__hover_enabled=\u00a0\u00bboff\u00a0\u00bb button_two_bg_color__hover_enabled=\u00a0\u00bboff\u00a0\u00bb sticky_enabled=\u00a0\u00bb0&Prime;]<\/p>\n<p>[\/et_pb_button][\/et_pb_column][\/et_pb_row][et_pb_row column_structure=\u00a0\u00bb1_4,1_2,1_4&Prime; _builder_version=\u00a0\u00bb4.16&Prime; global_colors_info=\u00a0\u00bb{}\u00a0\u00bb][et_pb_column type=\u00a0\u00bb1_4&Prime; _builder_version=\u00a0\u00bb4.16&Prime; custom_padding=\u00a0\u00bb|||\u00a0\u00bb global_colors_info=\u00a0\u00bb{}\u00a0\u00bb custom_padding__hover=\u00a0\u00bb|||\u00a0\u00bb][\/et_pb_column][et_pb_column type=\u00a0\u00bb1_2&Prime; _builder_version=\u00a0\u00bb4.16&Prime; custom_padding=\u00a0\u00bb|||\u00a0\u00bb global_colors_info=\u00a0\u00bb{}\u00a0\u00bb custom_padding__hover=\u00a0\u00bb|||\u00a0\u00bb][et_pb_testimonial author=\u00a0\u00bbLaura Butler\u00a0\u00bb company_name=\u00a0\u00bbFondation Familiale Trottier\u00a0\u00bb portrait_url=\u00a0\u00bbhttps:\/\/unaburo.com\/wp-content\/uploads\/0-1.jpeg\u00a0\u00bb quote_icon=\u00a0\u00bboff\u00a0\u00bb _builder_version=\u00a0\u00bb4.16&Prime; custom_margin=\u00a0\u00bb||0px|\u00a0\u00bb custom_margin_tablet=\u00a0\u00bb||25px\u00a0\u00bb custom_margin_phone=\u00a0\u00bb\u00a0\u00bb custom_margin_last_edited=\u00a0\u00bbon|tablet\u00a0\u00bb custom_padding_tablet=\u00a0\u00bb||\u00a0\u00bb custom_padding_phone=\u00a0\u00bb\u00a0\u00bb custom_padding_last_edited=\u00a0\u00bbon|tablet\u00a0\u00bb locked=\u00a0\u00bboff\u00a0\u00bb global_colors_info=\u00a0\u00bb{}\u00a0\u00bb]<\/p>\n<p>\u00ab Una Buro est le consultant TI que vous r\u00eavez de trouver ! Dire qu&rsquo;ils vous en donnent pour votre argent serait une simplification extr\u00eame. Ils sont centr\u00e9s sur la solution, flexibles et \u00e0 l\u2019\u00e9coute.\u00a0En tant que bailleur de fonds, nous n&rsquo;\u00e9tions pas certains si NPSP pouvait bien fonctionner pour nous. Una Buro nous a guid\u00e9s \u00e0 chaque \u00e9tape, prenant le temps n\u00e9cessaire pour bien comprendre nos proc\u00e9d\u00e9s et nos valeurs \u00e0 fond, s&rsquo;adaptant \u00e0 nos besoins, et sugg\u00e9rant des solutions nous permettant d&rsquo;\u00eatre plus efficaces, tout en menant \u00e0 bien notre mission. J&rsquo;aime mon Salesforce! \u00bb<\/p>\n<p>[\/et_pb_testimonial][\/et_pb_column][et_pb_column type=\u00a0\u00bb1_4&Prime; _builder_version=\u00a0\u00bb4.16&Prime; custom_padding=\u00a0\u00bb|||\u00a0\u00bb global_colors_info=\u00a0\u00bb{}\u00a0\u00bb custom_padding__hover=\u00a0\u00bb|||\u00a0\u00bb][\/et_pb_column][\/et_pb_row][\/et_pb_section][et_pb_section fb_built=\u00a0\u00bb1&Prime; _builder_version=\u00a0\u00bb4.16&Prime; global_colors_info=\u00a0\u00bb{}\u00a0\u00bb da_is_popup=\u00a0\u00bboff\u00a0\u00bb da_exit_intent=\u00a0\u00bboff\u00a0\u00bb da_has_close=\u00a0\u00bbon\u00a0\u00bb da_alt_close=\u00a0\u00bboff\u00a0\u00bb da_dark_close=\u00a0\u00bboff\u00a0\u00bb da_not_modal=\u00a0\u00bbon\u00a0\u00bb da_is_singular=\u00a0\u00bboff\u00a0\u00bb da_with_loader=\u00a0\u00bboff\u00a0\u00bb da_has_shadow=\u00a0\u00bbon\u00a0\u00bb da_disable_devices=\u00a0\u00bboff|off|off\u00a0\u00bb][et_pb_row column_structure=\u00a0\u00bb1_3,1_3,1_3&Prime; _builder_version=\u00a0\u00bb4.16&Prime; global_colors_info=\u00a0\u00bb{}\u00a0\u00bb][et_pb_column type=\u00a0\u00bb1_3&Prime; _builder_version=\u00a0\u00bb4.16&Prime; custom_padding=\u00a0\u00bb|||\u00a0\u00bb global_colors_info=\u00a0\u00bb{}\u00a0\u00bb custom_padding__hover=\u00a0\u00bb|||\u00a0\u00bb][et_pb_blurb title=\u00a0\u00bbPortail des subventions pour les candidats\u00a0\u00bb image=\u00a0\u00bbhttps:\/\/unaburo.com\/wp-content\/uploads\/185024-128.png\u00a0\u00bb _builder_version=\u00a0\u00bb4.16&Prime; header_font=\u00a0\u00bbMaven Pro|700|||||||\u00a0\u00bb header_text_color=\u00a0\u00bb#52525a\u00a0\u00bb body_font=\u00a0\u00bbMaven Pro||||||||\u00a0\u00bb global_colors_info=\u00a0\u00bb{}\u00a0\u00bb]<\/p>\n<p>Permettez aux candidats de soumettre leur candidature en ligne, de joindre des documents et de suivre l&rsquo;\u00e9tat d&rsquo;avancement de leur candidature. Formulaire de demande et processus d&rsquo;\u00e9valuations\u00a0personnalisables applicables \u00e0 votre organisation.<\/p>\n<p>[\/et_pb_blurb][\/et_pb_column][et_pb_column type=\u00a0\u00bb1_3&Prime; _builder_version=\u00a0\u00bb4.16&Prime; custom_padding=\u00a0\u00bb|||\u00a0\u00bb global_colors_info=\u00a0\u00bb{}\u00a0\u00bb custom_padding__hover=\u00a0\u00bb|||\u00a0\u00bb][et_pb_blurb title=\u00a0\u00bbCentre de commandement\u00a0\u00bb image=\u00a0\u00bbhttps:\/\/unaburo.com\/wp-content\/uploads\/centralized-connections.png\u00a0\u00bb _builder_version=\u00a0\u00bb4.16&Prime; header_font=\u00a0\u00bbMaven Pro|700|||||||\u00a0\u00bb header_text_color=\u00a0\u00bb#52525a\u00a0\u00bb body_font=\u00a0\u00bbMaven Pro||||||||\u00a0\u00bb global_colors_info=\u00a0\u00bb{}\u00a0\u00bb]<\/p>\n<p>Montez d\u2019un cran en personnalisant les \u00e9l\u00e9ments constitutifs de votre plateforme Salesforce et en la transformant en centre de commande pour g\u00e9rer organisations, subventions, paiements et livrables.<\/p>\n<p>[\/et_pb_blurb][\/et_pb_column][et_pb_column type=\u00a0\u00bb1_3&Prime; _builder_version=\u00a0\u00bb4.16&Prime; custom_padding=\u00a0\u00bb|||\u00a0\u00bb global_colors_info=\u00a0\u00bb{}\u00a0\u00bb custom_padding__hover=\u00a0\u00bb|||\u00a0\u00bb][et_pb_blurb title=\u00a0\u00bbAnalyse et intelligence des donn\u00e9es\u00a0\u00bb image=\u00a0\u00bbhttps:\/\/unaburo.com\/wp-content\/uploads\/322458-128.png\u00a0\u00bb _builder_version=\u00a0\u00bb4.16&Prime; header_font=\u00a0\u00bbMaven Pro|700|||||||\u00a0\u00bb header_text_color=\u00a0\u00bb#52525a\u00a0\u00bb body_font=\u00a0\u00bbMaven Pro||||||||\u00a0\u00bb global_colors_info=\u00a0\u00bb{}\u00a0\u00bb]<\/p>\n<p>Des informations puissantes et ax\u00e9es sur les donn\u00e9es sont \u00e0 port\u00e9e de main. Des rapports sans maux de t\u00eate.<\/p>\n<p>[\/et_pb_blurb][\/et_pb_column][\/et_pb_row][et_pb_row column_structure=\u00a0\u00bb1_3,1_3,1_3&Prime; _builder_version=\u00a0\u00bb4.16&Prime; global_colors_info=\u00a0\u00bb{}\u00a0\u00bb][et_pb_column type=\u00a0\u00bb1_3&Prime; _builder_version=\u00a0\u00bb4.16&Prime; custom_padding=\u00a0\u00bb|||\u00a0\u00bb global_colors_info=\u00a0\u00bb{}\u00a0\u00bb custom_padding__hover=\u00a0\u00bb|||\u00a0\u00bb][\/et_pb_column][et_pb_column type=\u00a0\u00bb1_3&Prime; _builder_version=\u00a0\u00bb4.16&Prime; custom_padding=\u00a0\u00bb|||\u00a0\u00bb global_colors_info=\u00a0\u00bb{}\u00a0\u00bb custom_padding__hover=\u00a0\u00bb|||\u00a0\u00bb][et_pb_blurb title=\u00a0\u00bbLivrables\u00a0\u00bb image=\u00a0\u00bbhttps:\/\/unaburo.com\/wp-content\/uploads\/2530008-128.png\u00a0\u00bb _builder_version=\u00a0\u00bb4.16&Prime; header_font=\u00a0\u00bbMaven Pro|700|||||||\u00a0\u00bb header_text_color=\u00a0\u00bb#52525a\u00a0\u00bb body_font=\u00a0\u00bbMaven Pro||||||||\u00a0\u00bb global_colors_info=\u00a0\u00bb{}\u00a0\u00bb]<\/p>\n<p>G\u00e9rer, surveiller et centraliser t\u00e2ches et livrables par b\u00e9n\u00e9ficiaires de subventions, comme les rapports annuels et les rapports de projet. Des rappels automatis\u00e9s vous aident, vous et les b\u00e9n\u00e9ficiaires de subventions, \u00e0 rester organis\u00e9s.<\/p>\n<p>[\/et_pb_blurb][\/et_pb_column][et_pb_column type=\u00a0\u00bb1_3&Prime; _builder_version=\u00a0\u00bb4.16&Prime; custom_padding=\u00a0\u00bb|||\u00a0\u00bb global_colors_info=\u00a0\u00bb{}\u00a0\u00bb custom_padding__hover=\u00a0\u00bb|||\u00a0\u00bb][\/et_pb_column][\/et_pb_row][\/et_pb_section][et_pb_section fb_built=\u00a0\u00bb1&Prime; module_id=\u00a0\u00bbbottomEmailOptin\u00a0\u00bb _builder_version=\u00a0\u00bb4.16&Prime; use_background_color_gradient=\u00a0\u00bbon\u00a0\u00bb background_color_gradient_stops=\u00a0\u00bbrgba(34,34,37,0.95) 0%|rgba(34,34,37,0.95) 100%\u00a0\u00bb background_color_gradient_overlays_image=\u00a0\u00bbon\u00a0\u00bb background_color_gradient_start=\u00a0\u00bbrgba(34,34,37,0.95)\u00a0\u00bb background_color_gradient_end=\u00a0\u00bbrgba(34,34,37,0.95)\u00a0\u00bb background_image=\u00a0\u00bbhttps:\/\/unaburo.com\/wp-content\/uploads\/agency.jpg\u00a0\u00bb custom_padding=\u00a0\u00bb||0px|\u00a0\u00bb background_color_gradient_stops_tablet=\u00a0\u00bbrgba(34,34,37,0.95) 0%|rgba(34,34,37,0.95) 100%\u00a0\u00bb background_color_gradient_stops_phone=\u00a0\u00bbrgba(34,34,37,0.95) 0%|rgba(34,34,37,0.95) 100%\u00a0\u00bb global_module=\u00a0\u00bb49647&Prime; saved_tabs=\u00a0\u00bball\u00a0\u00bb locked=\u00a0\u00bboff\u00a0\u00bb global_colors_info=\u00a0\u00bb{}\u00a0\u00bb da_is_popup=\u00a0\u00bboff\u00a0\u00bb da_exit_intent=\u00a0\u00bboff\u00a0\u00bb da_has_close=\u00a0\u00bbon\u00a0\u00bb da_alt_close=\u00a0\u00bboff\u00a0\u00bb da_dark_close=\u00a0\u00bboff\u00a0\u00bb da_not_modal=\u00a0\u00bbon\u00a0\u00bb da_is_singular=\u00a0\u00bboff\u00a0\u00bb da_with_loader=\u00a0\u00bboff\u00a0\u00bb da_has_shadow=\u00a0\u00bbon\u00a0\u00bb da_disable_devices=\u00a0\u00bboff|off|off\u00a0\u00bb][et_pb_row column_structure=\u00a0\u00bb1_3,1_3,1_3&Prime; _builder_version=\u00a0\u00bb4.16&Prime; custom_padding=\u00a0\u00bb0px||10px|\u00a0\u00bb global_colors_info=\u00a0\u00bb{}\u00a0\u00bb][et_pb_column type=\u00a0\u00bb1_3&Prime; _builder_version=\u00a0\u00bb4.16&Prime; custom_padding=\u00a0\u00bb|||\u00a0\u00bb global_colors_info=\u00a0\u00bb{}\u00a0\u00bb custom_padding__hover=\u00a0\u00bb|||\u00a0\u00bb][et_pb_code _builder_version=\u00a0\u00bb4.16&Prime; _module_preset=\u00a0\u00bbdefault\u00a0\u00bb global_colors_info=\u00a0\u00bb{}\u00a0\u00bb]<iframe loading=\"lazy\" src=\"https:\/\/www2.unaburo.com\/l\/988182\/2022-09-20\/dbxqs5\" width=\"100%\" height=\"500\" type=\"text\/html\" frameborder=\"0\" allowTransparency=\"true\" style=\"border: 0\"><\/iframe>[\/et_pb_code][\/et_pb_column][et_pb_column type=\u00a0\u00bb1_3&Prime; _builder_version=\u00a0\u00bb4.16&Prime; custom_padding=\u00a0\u00bb|||\u00a0\u00bb global_colors_info=\u00a0\u00bb{}\u00a0\u00bb custom_padding__hover=\u00a0\u00bb|||\u00a0\u00bb][et_pb_social_media_follow _builder_version=\u00a0\u00bb4.16&Prime; text_orientation=\u00a0\u00bbcenter\u00a0\u00bb global_colors_info=\u00a0\u00bb{}\u00a0\u00bb][et_pb_social_media_follow_network social_network=\u00a0\u00bbfacebook\u00a0\u00bb url=\u00a0\u00bbhttps:\/\/www.facebook.com\/unaburo\/\u00a0\u00bb _builder_version=\u00a0\u00bb4.16&Prime; background_color=\u00a0\u00bb#538096&Prime; global_colors_info=\u00a0\u00bb{}\u00a0\u00bb follow_button=\u00a0\u00bboff\u00a0\u00bb url_new_window=\u00a0\u00bbon\u00a0\u00bb]Facebook[\/et_pb_social_media_follow_network][et_pb_social_media_follow_network social_network=\u00a0\u00bbyoutube\u00a0\u00bb url=\u00a0\u00bbhttps:\/\/www.youtube.com\/channel\/UCvcg5UIOG-KVTqp-3xGg_Bw\u00a0\u00bb _builder_version=\u00a0\u00bb4.16&Prime; background_color=\u00a0\u00bb#831c34&Prime; global_colors_info=\u00a0\u00bb{}\u00a0\u00bb follow_button=\u00a0\u00bboff\u00a0\u00bb url_new_window=\u00a0\u00bbon\u00a0\u00bb]Youtube[\/et_pb_social_media_follow_network][et_pb_social_media_follow_network social_network=\u00a0\u00bblinkedin\u00a0\u00bb url=\u00a0\u00bbhttps:\/\/www.linkedin.com\/company\/una-buro\u00a0\u00bb _builder_version=\u00a0\u00bb4.16&Prime; background_color=\u00a0\u00bb#538096&Prime; global_colors_info=\u00a0\u00bb{}\u00a0\u00bb follow_button=\u00a0\u00bboff\u00a0\u00bb url_new_window=\u00a0\u00bbon\u00a0\u00bb]LinkedIn[\/et_pb_social_media_follow_network][\/et_pb_social_media_follow][et_pb_text _builder_version=\u00a0\u00bb4.16&Prime; text_font=\u00a0\u00bbLato||||||||\u00a0\u00bb text_font_size=\u00a0\u00bb16px\u00a0\u00bb text_line_height=\u00a0\u00bb0.5em\u00a0\u00bb link_text_color=\u00a0\u00bb#b02c3c\u00a0\u00bb header_2_font=\u00a0\u00bbLato|300|||||||\u00a0\u00bb header_2_font_size=\u00a0\u00bb60px\u00a0\u00bb header_3_font=\u00a0\u00bbLato|300|||||||\u00a0\u00bb header_3_font_size=\u00a0\u00bb48px\u00a0\u00bb text_orientation=\u00a0\u00bbcenter\u00a0\u00bb background_layout=\u00a0\u00bbdark\u00a0\u00bb module_alignment=\u00a0\u00bbcenter\u00a0\u00bb custom_margin=\u00a0\u00bb||25px|\u00a0\u00bb text_text_shadow_style=\u00a0\u00bbpreset3&Prime; text_text_shadow_blur_strength=\u00a0\u00bb1.34em\u00a0\u00bb text_text_shadow_color=\u00a0\u00bbrgba(0,0,0,0.22)\u00a0\u00bb locked=\u00a0\u00bboff\u00a0\u00bb global_colors_info=\u00a0\u00bb{}\u00a0\u00bb]<\/p>\n<p>\u00a9 2024 Una Buro<\/p>\n<p>303-3535 Saint-Charles<\/p>\n<p>Kirkland, QC H9H 5B9<\/p>\n<p>514-226-8451<\/p>\n<p><a href=\"mailto:hello@unaburo.com\">bonjour@unaburo.com<\/a><\/p>\n<p>[\/et_pb_text][et_pb_text _builder_version=\u00a0\u00bb4.16&Prime; _dynamic_attributes=\u00a0\u00bblink_option_url\u00a0\u00bb text_font=\u00a0\u00bbLato||||||||\u00a0\u00bb text_font_size=\u00a0\u00bb16px\u00a0\u00bb text_line_height=\u00a0\u00bb0.5em\u00a0\u00bb link_text_color=\u00a0\u00bb#b02c3c\u00a0\u00bb header_2_font=\u00a0\u00bbLato|300|||||||\u00a0\u00bb header_2_font_size=\u00a0\u00bb60px\u00a0\u00bb header_3_font=\u00a0\u00bbLato|300|||||||\u00a0\u00bb header_3_font_size=\u00a0\u00bb48px\u00a0\u00bb text_orientation=\u00a0\u00bbcenter\u00a0\u00bb background_layout=\u00a0\u00bbdark\u00a0\u00bb module_alignment=\u00a0\u00bbcenter\u00a0\u00bb custom_margin=\u00a0\u00bb||25px|\u00a0\u00bb link_option_url=\u00a0\u00bb@ET-DC@eyJkeW5hbWljIjp0cnVlLCJjb250ZW50IjoicG9zdF9saW5rX3VybF9wYWdlIiwic2V0dGluZ3MiOnsicG9zdF9pZCI6IjUzMDU2In19@\u00a0\u00bb text_text_shadow_style=\u00a0\u00bbpreset3&Prime; text_text_shadow_blur_strength=\u00a0\u00bb1.34em\u00a0\u00bb text_text_shadow_color=\u00a0\u00bbrgba(0,0,0,0.22)\u00a0\u00bb locked=\u00a0\u00bboff\u00a0\u00bb global_colors_info=\u00a0\u00bb{}\u00a0\u00bb]Politique de confidentialit\u00e9[\/et_pb_text][\/et_pb_column][et_pb_column type=\u00a0\u00bb1_3&Prime; _builder_version=\u00a0\u00bb4.16&Prime; custom_padding=\u00a0\u00bb|||\u00a0\u00bb global_colors_info=\u00a0\u00bb{}\u00a0\u00bb custom_padding__hover=\u00a0\u00bb|||\u00a0\u00bb][\/et_pb_column][\/et_pb_row][\/et_pb_section]<\/p>\n","protected":false},"excerpt":{"rendered":"<p>Gestion des subventions Solution pour les fondations Rejoignez des milliers de fondations sur la premi\u00e8re plate-forme infonuagique, Salesforce.com. Passez plus de temps sur votre mission et moins de temps sur les t\u00e2ches manuelles. Devenez une fondation connect\u00e9e! \u00ab Una Buro est le consultant TI que vous r\u00eavez de trouver ! Dire qu&rsquo;ils vous en donnent [&hellip;]<\/p>\n","protected":false},"author":11,"featured_media":0,"parent":49629,"menu_order":0,"comment_status":"closed","ping_status":"closed","template":"","meta":{"_et_pb_use_builder":"on","_et_pb_old_content":"","_et_gb_content_width":"","footnotes":""},"class_list":["post-50254","page","type-page","status-publish","hentry"],"aioseo_notices":[],"_links":{"self":[{"href":"https:\/\/unaburo.com\/fr\/wp-json\/wp\/v2\/pages\/50254","targetHints":{"allow":["GET"]}}],"collection":[{"href":"https:\/\/unaburo.com\/fr\/wp-json\/wp\/v2\/pages"}],"about":[{"href":"https:\/\/unaburo.com\/fr\/wp-json\/wp\/v2\/types\/page"}],"author":[{"embeddable":true,"href":"https:\/\/unaburo.com\/fr\/wp-json\/wp\/v2\/users\/11"}],"replies":[{"embeddable":true,"href":"https:\/\/unaburo.com\/fr\/wp-json\/wp\/v2\/comments?post=50254"}],"version-history":[{"count":15,"href":"https:\/\/unaburo.com\/fr\/wp-json\/wp\/v2\/pages\/50254\/revisions"}],"predecessor-version":[{"id":53369,"href":"https:\/\/unaburo.com\/fr\/wp-json\/wp\/v2\/pages\/50254\/revisions\/53369"}],"up":[{"embeddable":true,"href":"https:\/\/unaburo.com\/fr\/wp-json\/wp\/v2\/pages\/49629"}],"wp:attachment":[{"href":"https:\/\/unaburo.com\/fr\/wp-json\/wp\/v2\/media?parent=50254"}],"curies":[{"name":"wp","href":"https:\/\/api.w.org\/{rel}","templated":true}]}}