{"id":50544,"date":"2019-12-09T22:06:19","date_gmt":"2019-12-09T22:06:19","guid":{"rendered":"https:\/\/unaburo.com\/?page_id=50544"},"modified":"2025-04-29T15:16:46","modified_gmt":"2025-04-29T19:16:46","slug":"carrieres","status":"publish","type":"page","link":"https:\/\/unaburo.com\/fr\/carrieres\/","title":{"rendered":"Carri\u00e8res"},"content":{"rendered":"<p>[et_pb_section fb_built=\u00a0\u00bb1&Prime; custom_padding_last_edited=\u00a0\u00bbon|desktop\u00a0\u00bb _builder_version=\u00a0\u00bb4.16&Prime; use_background_color_gradient=\u00a0\u00bbon\u00a0\u00bb background_color_gradient_direction=\u00a0\u00bb45deg\u00a0\u00bb background_color_gradient_stops=\u00a0\u00bbrgba(123,162,175,0.75) 0%|rgba(83,128,150,0.76) 100%\u00a0\u00bb background_color_gradient_overlays_image=\u00a0\u00bbon\u00a0\u00bb background_color_gradient_start=\u00a0\u00bbrgba(123,162,175,0.75)\u00a0\u00bb background_color_gradient_end=\u00a0\u00bbrgba(83,128,150,0.76)\u00a0\u00bb background_image=\u00a0\u00bbhttps:\/\/unaburo.com\/wp-content\/uploads\/una-buro-contact-info.jpg\u00a0\u00bb background_position=\u00a0\u00bbtop_center\u00a0\u00bb custom_padding=\u00a0\u00bb0px||150px|\u00a0\u00bb custom_padding_tablet=\u00a0\u00bb||100px|\u00a0\u00bb custom_padding_phone=\u00a0\u00bb\u00a0\u00bb bottom_divider_style=\u00a0\u00bbwaves2&Prime; bottom_divider_color=\u00a0\u00bb#ffffff\u00a0\u00bb bottom_divider_height=\u00a0\u00bb150px\u00a0\u00bb bottom_divider_height_tablet=\u00a0\u00bb75px\u00a0\u00bb bottom_divider_height_phone=\u00a0\u00bb50px\u00a0\u00bb bottom_divider_height_last_edited=\u00a0\u00bbon|phone\u00a0\u00bb da_disable_devices=\u00a0\u00bboff|off|off\u00a0\u00bb locked=\u00a0\u00bboff\u00a0\u00bb global_colors_info=\u00a0\u00bb{}\u00a0\u00bb da_is_popup=\u00a0\u00bboff\u00a0\u00bb da_exit_intent=\u00a0\u00bboff\u00a0\u00bb da_has_close=\u00a0\u00bbon\u00a0\u00bb da_alt_close=\u00a0\u00bboff\u00a0\u00bb da_dark_close=\u00a0\u00bboff\u00a0\u00bb da_not_modal=\u00a0\u00bbon\u00a0\u00bb da_is_singular=\u00a0\u00bboff\u00a0\u00bb da_with_loader=\u00a0\u00bboff\u00a0\u00bb da_has_shadow=\u00a0\u00bbon\u00a0\u00bb][et_pb_row _builder_version=\u00a0\u00bb4.16&Prime; background_size=\u00a0\u00bbinitial\u00a0\u00bb background_position=\u00a0\u00bbtop_left\u00a0\u00bb background_repeat=\u00a0\u00bbrepeat\u00a0\u00bb global_colors_info=\u00a0\u00bb{}\u00a0\u00bb][et_pb_column type=\u00a0\u00bb4_4&Prime; _builder_version=\u00a0\u00bb4.16&Prime; custom_padding=\u00a0\u00bb|||\u00a0\u00bb global_colors_info=\u00a0\u00bb{}\u00a0\u00bb custom_padding__hover=\u00a0\u00bb|||\u00a0\u00bb][et_pb_text _builder_version=\u00a0\u00bb4.16&Prime; header_font=\u00a0\u00bbMaven Pro|100||on|||||\u00a0\u00bb header_font_size=\u00a0\u00bb100px\u00a0\u00bb header_line_height=\u00a0\u00bb1.3em\u00a0\u00bb header_3_font=\u00a0\u00bbLato|900||on|||||\u00a0\u00bb header_3_font_size=\u00a0\u00bb15px\u00a0\u00bb header_3_letter_spacing=\u00a0\u00bb10px\u00a0\u00bb text_orientation=\u00a0\u00bbcenter\u00a0\u00bb background_layout=\u00a0\u00bbdark\u00a0\u00bb module_alignment=\u00a0\u00bbcenter\u00a0\u00bb header_font_size_tablet=\u00a0\u00bb60px\u00a0\u00bb header_font_size_phone=\u00a0\u00bb40px\u00a0\u00bb header_font_size_last_edited=\u00a0\u00bbon|phone\u00a0\u00bb header_3_font_size_tablet=\u00a0\u00bb\u00a0\u00bb header_3_font_size_phone=\u00a0\u00bb12px\u00a0\u00bb header_3_font_size_last_edited=\u00a0\u00bbon|phone\u00a0\u00bb header_3_letter_spacing_tablet=\u00a0\u00bb\u00a0\u00bb header_3_letter_spacing_phone=\u00a0\u00bb6px\u00a0\u00bb header_3_letter_spacing_last_edited=\u00a0\u00bbon|desktop\u00a0\u00bb global_colors_info=\u00a0\u00bb{}\u00a0\u00bb]<\/p>\n<h1>Joignez-vous \u00e0 notre \u00e9quipe<\/h1>\n<p>[\/et_pb_text][\/et_pb_column][\/et_pb_row][\/et_pb_section][et_pb_section fb_built=\u00a0\u00bb1&Prime; _builder_version=\u00a0\u00bb4.16&Prime; da_disable_devices=\u00a0\u00bboff|off|off\u00a0\u00bb global_colors_info=\u00a0\u00bb{}\u00a0\u00bb da_is_popup=\u00a0\u00bboff\u00a0\u00bb da_exit_intent=\u00a0\u00bboff\u00a0\u00bb da_has_close=\u00a0\u00bbon\u00a0\u00bb da_alt_close=\u00a0\u00bboff\u00a0\u00bb da_dark_close=\u00a0\u00bboff\u00a0\u00bb da_not_modal=\u00a0\u00bbon\u00a0\u00bb da_is_singular=\u00a0\u00bboff\u00a0\u00bb da_with_loader=\u00a0\u00bboff\u00a0\u00bb da_has_shadow=\u00a0\u00bbon\u00a0\u00bb][et_pb_row column_structure=\u00a0\u00bb1_4,1_2,1_4&Prime; _builder_version=\u00a0\u00bb4.16&Prime; global_colors_info=\u00a0\u00bb{}\u00a0\u00bb][et_pb_column type=\u00a0\u00bb1_4&Prime; _builder_version=\u00a0\u00bb4.16&Prime; custom_padding=\u00a0\u00bb|||\u00a0\u00bb global_colors_info=\u00a0\u00bb{}\u00a0\u00bb custom_padding__hover=\u00a0\u00bb|||\u00a0\u00bb][\/et_pb_column][et_pb_column type=\u00a0\u00bb1_2&Prime; _builder_version=\u00a0\u00bb4.16&Prime; custom_padding=\u00a0\u00bb|||\u00a0\u00bb global_colors_info=\u00a0\u00bb{}\u00a0\u00bb custom_padding__hover=\u00a0\u00bb|||\u00a0\u00bb][et_pb_text _builder_version=\u00a0\u00bb4.16&Prime; text_font=\u00a0\u00bb|300|||||||\u00a0\u00bb text_font_size=\u00a0\u00bb23px\u00a0\u00bb global_colors_info=\u00a0\u00bb{}\u00a0\u00bb]<\/p>\n<p style=\"text-align: center;\">Nos valeurs nous d\u00e9finissent. Faire la diff\u00e9rence et aider les autres sont les objectifs qui nous inspirent.<\/p>\n<p style=\"text-align: center;\">Nous croyons qu&rsquo;il faut contester le statu quo et toujours avancer.<\/p>\n<p style=\"text-align: center;\"><span style=\"color: #800000;\">Joignez-vous \u00e0 nous pour cr\u00e9er un impact!<\/span><\/p>\n<p>[\/et_pb_text][\/et_pb_column][et_pb_column type=\u00a0\u00bb1_4&Prime; _builder_version=\u00a0\u00bb4.16&Prime; custom_padding=\u00a0\u00bb|||\u00a0\u00bb global_colors_info=\u00a0\u00bb{}\u00a0\u00bb custom_padding__hover=\u00a0\u00bb|||\u00a0\u00bb][\/et_pb_column][\/et_pb_row][et_pb_row column_structure=\u00a0\u00bb1_5,3_5,1_5&Prime; _builder_version=\u00a0\u00bb4.16&Prime; global_colors_info=\u00a0\u00bb{}\u00a0\u00bb][et_pb_column type=\u00a0\u00bb1_5&Prime; _builder_version=\u00a0\u00bb4.16&Prime; custom_padding=\u00a0\u00bb|||\u00a0\u00bb global_colors_info=\u00a0\u00bb{}\u00a0\u00bb custom_padding__hover=\u00a0\u00bb|||\u00a0\u00bb][\/et_pb_column][et_pb_column type=\u00a0\u00bb3_5&Prime; _builder_version=\u00a0\u00bb4.16&Prime; custom_padding=\u00a0\u00bb|||\u00a0\u00bb global_colors_info=\u00a0\u00bb{}\u00a0\u00bb custom_padding__hover=\u00a0\u00bb|||\u00a0\u00bb][et_pb_toggle title=\u00a0\u00bbConsultant Salesforce\u00a0\u00bb disabled_on=\u00a0\u00bboff|off|off\u00a0\u00bb _builder_version=\u00a0\u00bb4.25.2&Prime; body_font=\u00a0\u00bb|300|||||||\u00a0\u00bb z_index_tablet=\u00a0\u00bb500&Prime; global_colors_info=\u00a0\u00bb{}\u00a0\u00bb]<\/p>\n<table style=\"width: 100%; border-collapse: collapse; border: none;\">\n<tbody>\n<tr style=\"border: none;\">\n<td style=\"width: 70%; border: none;\">\n<div class=\"content_6572f\">\n<div class=\"content_6572f\">\n<div class=\"description_c90c4\">\n<p><b>Rejoignez notre \u00e9quipe en tant que Consultant Salesforce et transformez les OBNL avec des solutions de pointe!<\/b><\/p>\n<p>Chez Una Buro, nous avons pour mission de r\u00e9tablir l&rsquo;\u00e9galit\u00e9 technologique pour les organisations \u00e0 but non lucratif. Nous croyons que toutes les organisations, quelle que soit leur taille et leur capital, devraient avoir acc\u00e8s aux meilleurs outils et \u00e0 l&rsquo;expertise. Si vous \u00eates pr\u00eat \u00e0 avoir un impact r\u00e9el et \u00e0 prosp\u00e9rer dans un environnement dynamique, cette opportunit\u00e9 est faite pour vous !<\/p>\n<p>Nous recherchons un<span>\u00a0<\/span><b>Consultant Salesforce<\/b><span>\u00a0<\/span>pour rejoindre notre \u00e9quipe innovante. Plus pr\u00e9cis\u00e9ment, vous serez appel\u00e9 \u00e0 :<\/p>\n<p>&#8211; Diriger des projets d&rsquo;impl\u00e9mentation Salesforce de bout en bout, y compris la planification, la conception, la configuration et le d\u00e9ploiement.<\/p>\n<p>&#8211; Personnaliser les solutions Salesforce pour r\u00e9pondre aux exigences et processus sp\u00e9cifiques des clients.<\/p>\n<p>&#8211; Mener des s\u00e9ances exploratoires approfondies avec les clients pour comprendre leurs besoins, d\u00e9fis et objectifs.<\/p>\n<p>&#8211; Fournir des services de conseil Salesforce experts aux clients, en offrant des conseils strat\u00e9giques et des meilleures pratiques.<\/p>\n<p>&#8211; Identifier des opportunit\u00e9s pour optimiser et am\u00e9liorer pour que les clients tirent le meilleur parti de leur investissement Salesforce.<\/p>\n<p>&#8211; Servir de point de contact principal pour les clients tout au long du cycle de vie du projet.<\/p>\n<p><b>Pourquoi Una Buro?<span>\u00a0<\/span><\/b>Imaginez un lieu de travail o\u00f9 votre cr\u00e9ativit\u00e9 est valoris\u00e9e, o\u00f9 chaque jour est une opportunit\u00e9 de faire une diff\u00e9rence concr\u00e8te, et o\u00f9 vous \u00eates entour\u00e9 d&rsquo;une \u00e9quipe qui vous soutient et vous inspire \u00e0 repousser les limites. Chez Una Buro, vous ne rejoignez pas simplement une entreprise ; vous rejoignez une famille unie par la passion de cr\u00e9er un impact positif dans le monde.<\/p>\n<p>&#8211; Environnement de Travail Hybride : Profitez du meilleur des deux mondes avec un cadre de travail flexible qui favorise la productivit\u00e9 et l&rsquo;\u00e9quilibre vie professionnelle-vie personnelle.<\/p>\n<p>&#8211; Lib\u00e9rez Votre Cr\u00e9ativit\u00e9 : Faites partie d&rsquo;une \u00e9quipe qui encourage la pens\u00e9e innovante et vous donne le pouvoir de concr\u00e9tiser vos id\u00e9es novatrices.<\/p>\n<p>&#8211; Esprit d&rsquo;\u00c9quipe : Rejoignez une famille soud\u00e9e o\u00f9 la collaboration et la camaraderie ne sont pas seulement des mots \u00e0 la mode, mais font partie de notre ADN.<\/p>\n<p>&#8211; Activit\u00e9s et \u00c9v\u00e9nements Amusants : Des jeux de soci\u00e9t\u00e9 \u00e0 (presque) tous les d\u00e9jeuners aux sorties de renforcement d&rsquo;\u00e9quipe, nous croyons \u00e0 m\u00e9langer le travail et le jeu.<\/p>\n<p>&#8211; D\u00e9veloppement Personnel : Stimulez votre croissance avec des opportunit\u00e9s d&rsquo;apprentissage continu et de d\u00e9veloppement professionnel adapt\u00e9es \u00e0 vos objectifs.<\/p>\n<p>&#8211; Impact Positif sur la Communaut\u00e9 : Faites une diff\u00e9rence au-del\u00e0 des murs du bureau en contribuant \u00e0 des projets qui \u00e9l\u00e8vent et autonomisent notre communaut\u00e9.<\/p>\n<p>&#8211; Gamme Compl\u00e8te d&rsquo;Avantages Sociaux : Assurez votre avenir avec notre r\u00e9gime de retraite et notre couverture sant\u00e9 compl\u00e8te, car nous croyons en prendre soin du bien-\u00eatre de notre \u00e9quipe.<\/p>\n<p>Le candidat id\u00e9al aura une solide exp\u00e9rience dans les impl\u00e9mentations Salesforce, le conseil et la gestion des clients afin de fournir des solutions Salesforce adapt\u00e9es \u00e0 nos clients. Chez Una Buro, nous croyons que la passion et la volont\u00e9 d&rsquo;apprendre sont tout aussi importantes que les comp\u00e9tences techniques. Si vous \u00eates enthousiaste \u00e0 l&rsquo;id\u00e9e de faire une diff\u00e9rence et que vous \u00eates pr\u00eat \u00e0 relever des d\u00e9fis, nous vous encourageons \u00e0 postuler. Nous sommes plus int\u00e9ress\u00e9s par votre attitude et votre potentiel de croissance. Voici tout de m\u00eame ce que nous avions en t\u00eate pour occuper ce poste :<\/p>\n<p>&#8211; Minimum de 2 ans d&rsquo;exp\u00e9rience pratique sur Salesforce, avec un accent sur les impl\u00e9mentations Sales Cloud.<\/p>\n<p>&#8211; Bilingue (fran\u00e7ais et anglais).<\/p>\n<p>&#8211; Certification d&rsquo;administrateur Salesforce.<\/p>\n<p>&#8211; Solide exp\u00e9rience en conseil avec la capacit\u00e9 de fournir des conseils strat\u00e9giques et des meilleures pratiques.<\/p>\n<p>&#8211; Comp\u00e9tences en gestion des clients avec un historique de maintien de relations positives avec les clients.<\/p>\n<p>&#8211; Comp\u00e9tences analytiques et de r\u00e9solution de probl\u00e8mes exceptionnelles.<\/p>\n<p>&#8211; Excellentes comp\u00e9tences en communication et en relations interpersonnelles.<\/p>\n<p>&#8211; Capacit\u00e9 \u00e0 travailler de mani\u00e8re autonome et en \u00e9quipe dans un environnement rapide.<\/p>\n<p>&#8211; Certification Salesforce Sales Cloud ou toutes autres certifications Salesforce.<\/p>\n<p>Vous n&rsquo;avez pas toutes les qualifications? Pas de souci!<\/p>\n<p>Si vous \u00eates pr\u00eat \u00e0 embarquer pour une aventure stimulante o\u00f9 chaque jour apporte de nouvelles d\u00e9couvertes et o\u00f9 votre travail a un impact r\u00e9el, alors Una Buro est le lieu o\u00f9 vous devez \u00eatre. Postulez d\u00e8s maintenant et ensemble, faisons de l&rsquo;impossible une r\u00e9alit\u00e9!<\/p>\n<\/div>\n<\/div>\n<\/div>\n<\/td>\n<td style=\"width: 30%; border: none;\" valign=\"top\">\n<div class=\"characteristic_650ae\"><strong>Location<\/strong><\/div>\n<div class=\"characteristic_650ae\">Kirkland<\/div>\n<div class=\"characteristic_650ae\"><\/div>\n<div class=\"characteristic_650ae\"><strong>Type d&#8217;emploi<\/strong><\/div>\n<div class=\"characteristic_650ae\">Temps plein<\/div>\n<div class=\"characteristic_650ae\">R\u00e9sident du Qu\u00e9bec<\/div>\n<div class=\"characteristic_650ae\">Hybride (3 jours au bureau)<\/div>\n<div class=\"characteristic_650ae\"><\/div>\n<div class=\"characteristic_650ae\"><strong>Salaire<\/strong><\/div>\n<div class=\"characteristic_650ae\">60k$ &#8211; 80k$<\/div>\n<\/td>\n<\/tr>\n<\/tbody>\n<\/table>\n<p><a href=\"https:\/\/form.jotform.com\/202965962411256?position=Consultant&amp;language=fr-CA\" target=\"_blank\" rel=\"noopener noreferrer\">Appliquer maintenant<\/a>[\/et_pb_toggle][\/et_pb_column][et_pb_column type=\u00a0\u00bb1_5&Prime; _builder_version=\u00a0\u00bb4.16&Prime; custom_padding=\u00a0\u00bb|||\u00a0\u00bb global_colors_info=\u00a0\u00bb{}\u00a0\u00bb custom_padding__hover=\u00a0\u00bb|||\u00a0\u00bb][\/et_pb_column][\/et_pb_row][\/et_pb_section][et_pb_section fb_built=\u00a0\u00bb1&Prime; module_id=\u00a0\u00bbbottomEmailOptin\u00a0\u00bb _builder_version=\u00a0\u00bb4.16&Prime; use_background_color_gradient=\u00a0\u00bbon\u00a0\u00bb background_color_gradient_stops=\u00a0\u00bbrgba(34,34,37,0.95) 0%|rgba(34,34,37,0.95) 100%\u00a0\u00bb background_color_gradient_overlays_image=\u00a0\u00bbon\u00a0\u00bb background_color_gradient_start=\u00a0\u00bbrgba(34,34,37,0.95)\u00a0\u00bb background_color_gradient_end=\u00a0\u00bbrgba(34,34,37,0.95)\u00a0\u00bb background_image=\u00a0\u00bbhttps:\/\/unaburo.com\/wp-content\/uploads\/agency.jpg\u00a0\u00bb custom_padding=\u00a0\u00bb||0px|\u00a0\u00bb background_color_gradient_stops_tablet=\u00a0\u00bbrgba(34,34,37,0.95) 0%|rgba(34,34,37,0.95) 100%\u00a0\u00bb background_color_gradient_stops_phone=\u00a0\u00bbrgba(34,34,37,0.95) 0%|rgba(34,34,37,0.95) 100%\u00a0\u00bb da_disable_devices=\u00a0\u00bboff|off|off\u00a0\u00bb global_module=\u00a0\u00bb49647&Prime; saved_tabs=\u00a0\u00bball\u00a0\u00bb locked=\u00a0\u00bboff\u00a0\u00bb global_colors_info=\u00a0\u00bb{}\u00a0\u00bb da_is_popup=\u00a0\u00bboff\u00a0\u00bb da_exit_intent=\u00a0\u00bboff\u00a0\u00bb da_has_close=\u00a0\u00bbon\u00a0\u00bb da_alt_close=\u00a0\u00bboff\u00a0\u00bb da_dark_close=\u00a0\u00bboff\u00a0\u00bb da_not_modal=\u00a0\u00bbon\u00a0\u00bb da_is_singular=\u00a0\u00bboff\u00a0\u00bb da_with_loader=\u00a0\u00bboff\u00a0\u00bb da_has_shadow=\u00a0\u00bbon\u00a0\u00bb][et_pb_row column_structure=\u00a0\u00bb1_3,1_3,1_3&Prime; _builder_version=\u00a0\u00bb4.16&Prime; custom_padding=\u00a0\u00bb0px||10px|\u00a0\u00bb global_colors_info=\u00a0\u00bb{}\u00a0\u00bb][et_pb_column type=\u00a0\u00bb1_3&Prime; _builder_version=\u00a0\u00bb4.16&Prime; custom_padding=\u00a0\u00bb|||\u00a0\u00bb global_colors_info=\u00a0\u00bb{}\u00a0\u00bb custom_padding__hover=\u00a0\u00bb|||\u00a0\u00bb][et_pb_code _builder_version=\u00a0\u00bb4.16&Prime; _module_preset=\u00a0\u00bbdefault\u00a0\u00bb global_colors_info=\u00a0\u00bb{}\u00a0\u00bb]<iframe loading=\"lazy\" src=\"https:\/\/www2.unaburo.com\/l\/988182\/2022-09-20\/dbxqs5\" width=\"100%\" height=\"500\" type=\"text\/html\" frameborder=\"0\" allowTransparency=\"true\" style=\"border: 0\"><\/iframe>[\/et_pb_code][\/et_pb_column][et_pb_column type=\u00a0\u00bb1_3&Prime; _builder_version=\u00a0\u00bb4.16&Prime; custom_padding=\u00a0\u00bb|||\u00a0\u00bb global_colors_info=\u00a0\u00bb{}\u00a0\u00bb custom_padding__hover=\u00a0\u00bb|||\u00a0\u00bb][et_pb_social_media_follow _builder_version=\u00a0\u00bb4.16&Prime; text_orientation=\u00a0\u00bbcenter\u00a0\u00bb global_colors_info=\u00a0\u00bb{}\u00a0\u00bb][et_pb_social_media_follow_network social_network=\u00a0\u00bbfacebook\u00a0\u00bb url=\u00a0\u00bbhttps:\/\/www.facebook.com\/unaburo\/\u00a0\u00bb _builder_version=\u00a0\u00bb4.16&Prime; background_color=\u00a0\u00bb#538096&Prime; global_colors_info=\u00a0\u00bb{}\u00a0\u00bb follow_button=\u00a0\u00bboff\u00a0\u00bb url_new_window=\u00a0\u00bbon\u00a0\u00bb]Facebook[\/et_pb_social_media_follow_network][et_pb_social_media_follow_network social_network=\u00a0\u00bbyoutube\u00a0\u00bb url=\u00a0\u00bbhttps:\/\/www.youtube.com\/channel\/UCvcg5UIOG-KVTqp-3xGg_Bw\u00a0\u00bb _builder_version=\u00a0\u00bb4.16&Prime; background_color=\u00a0\u00bb#831c34&Prime; global_colors_info=\u00a0\u00bb{}\u00a0\u00bb follow_button=\u00a0\u00bboff\u00a0\u00bb url_new_window=\u00a0\u00bbon\u00a0\u00bb]Youtube[\/et_pb_social_media_follow_network][et_pb_social_media_follow_network social_network=\u00a0\u00bblinkedin\u00a0\u00bb url=\u00a0\u00bbhttps:\/\/www.linkedin.com\/company\/una-buro\u00a0\u00bb _builder_version=\u00a0\u00bb4.16&Prime; background_color=\u00a0\u00bb#538096&Prime; global_colors_info=\u00a0\u00bb{}\u00a0\u00bb follow_button=\u00a0\u00bboff\u00a0\u00bb url_new_window=\u00a0\u00bbon\u00a0\u00bb]LinkedIn[\/et_pb_social_media_follow_network][\/et_pb_social_media_follow][et_pb_text _builder_version=\u00a0\u00bb4.25.2&Prime; text_font=\u00a0\u00bbLato||||||||\u00a0\u00bb text_font_size=\u00a0\u00bb16px\u00a0\u00bb text_line_height=\u00a0\u00bb0.5em\u00a0\u00bb link_text_color=\u00a0\u00bb#b02c3c\u00a0\u00bb header_2_font=\u00a0\u00bbLato|300|||||||\u00a0\u00bb header_2_font_size=\u00a0\u00bb60px\u00a0\u00bb header_3_font=\u00a0\u00bbLato|300|||||||\u00a0\u00bb header_3_font_size=\u00a0\u00bb48px\u00a0\u00bb text_orientation=\u00a0\u00bbcenter\u00a0\u00bb background_layout=\u00a0\u00bbdark\u00a0\u00bb module_alignment=\u00a0\u00bbcenter\u00a0\u00bb custom_margin=\u00a0\u00bb||25px|\u00a0\u00bb text_text_shadow_style=\u00a0\u00bbpreset3&Prime; text_text_shadow_blur_strength=\u00a0\u00bb1.34em\u00a0\u00bb text_text_shadow_color=\u00a0\u00bbrgba(0,0,0,0.22)\u00a0\u00bb locked=\u00a0\u00bboff\u00a0\u00bb global_colors_info=\u00a0\u00bb{}\u00a0\u00bb]<\/p>\n<p>\u00a9 2025 Una Buro<\/p>\n<p>303-3535 Saint-Charles<\/p>\n<p>Kirkland, QC H9H 5B9<\/p>\n<p>514-226-8451<\/p>\n<p><a href=\"mailto:hello@unaburo.com\">bonjour@unaburo.com<\/a><\/p>\n<p>[\/et_pb_text][et_pb_text _builder_version=\u00a0\u00bb4.16&Prime; _dynamic_attributes=\u00a0\u00bblink_option_url\u00a0\u00bb text_font=\u00a0\u00bbLato||||||||\u00a0\u00bb text_font_size=\u00a0\u00bb16px\u00a0\u00bb text_line_height=\u00a0\u00bb0.5em\u00a0\u00bb link_text_color=\u00a0\u00bb#b02c3c\u00a0\u00bb header_2_font=\u00a0\u00bbLato|300|||||||\u00a0\u00bb header_2_font_size=\u00a0\u00bb60px\u00a0\u00bb header_3_font=\u00a0\u00bbLato|300|||||||\u00a0\u00bb header_3_font_size=\u00a0\u00bb48px\u00a0\u00bb text_orientation=\u00a0\u00bbcenter\u00a0\u00bb background_layout=\u00a0\u00bbdark\u00a0\u00bb module_alignment=\u00a0\u00bbcenter\u00a0\u00bb custom_margin=\u00a0\u00bb||25px|\u00a0\u00bb link_option_url=\u00a0\u00bb@ET-DC@eyJkeW5hbWljIjp0cnVlLCJjb250ZW50IjoicG9zdF9saW5rX3VybF9wYWdlIiwic2V0dGluZ3MiOnsicG9zdF9pZCI6IjUzMDU2In19@\u00a0\u00bb text_text_shadow_style=\u00a0\u00bbpreset3&Prime; text_text_shadow_blur_strength=\u00a0\u00bb1.34em\u00a0\u00bb text_text_shadow_color=\u00a0\u00bbrgba(0,0,0,0.22)\u00a0\u00bb locked=\u00a0\u00bboff\u00a0\u00bb global_colors_info=\u00a0\u00bb{}\u00a0\u00bb]Politique de confidentialit\u00e9[\/et_pb_text][\/et_pb_column][et_pb_column type=\u00a0\u00bb1_3&Prime; _builder_version=\u00a0\u00bb4.16&Prime; custom_padding=\u00a0\u00bb|||\u00a0\u00bb global_colors_info=\u00a0\u00bb{}\u00a0\u00bb custom_padding__hover=\u00a0\u00bb|||\u00a0\u00bb][\/et_pb_column][\/et_pb_row][\/et_pb_section]<\/p>\n","protected":false},"excerpt":{"rendered":"<p>Joignez-vous \u00e0 notre \u00e9quipeNos valeurs nous d\u00e9finissent. Faire la diff\u00e9rence et aider les autres sont les objectifs qui nous inspirent. Nous croyons qu&rsquo;il faut contester le statu quo et toujours avancer. Joignez-vous \u00e0 nous pour cr\u00e9er un impact! Rejoignez notre \u00e9quipe en tant que Consultant Salesforce et transformez les OBNL avec des solutions de pointe! [&hellip;]<\/p>\n","protected":false},"author":11,"featured_media":0,"parent":0,"menu_order":0,"comment_status":"closed","ping_status":"closed","template":"","meta":{"_et_pb_use_builder":"on","_et_pb_old_content":"","_et_gb_content_width":"","footnotes":""},"class_list":["post-50544","page","type-page","status-publish","hentry"],"aioseo_notices":[],"_links":{"self":[{"href":"https:\/\/unaburo.com\/fr\/wp-json\/wp\/v2\/pages\/50544","targetHints":{"allow":["GET"]}}],"collection":[{"href":"https:\/\/unaburo.com\/fr\/wp-json\/wp\/v2\/pages"}],"about":[{"href":"https:\/\/unaburo.com\/fr\/wp-json\/wp\/v2\/types\/page"}],"author":[{"embeddable":true,"href":"https:\/\/unaburo.com\/fr\/wp-json\/wp\/v2\/users\/11"}],"replies":[{"embeddable":true,"href":"https:\/\/unaburo.com\/fr\/wp-json\/wp\/v2\/comments?post=50544"}],"version-history":[{"count":82,"href":"https:\/\/unaburo.com\/fr\/wp-json\/wp\/v2\/pages\/50544\/revisions"}],"predecessor-version":[{"id":53565,"href":"https:\/\/unaburo.com\/fr\/wp-json\/wp\/v2\/pages\/50544\/revisions\/53565"}],"wp:attachment":[{"href":"https:\/\/unaburo.com\/fr\/wp-json\/wp\/v2\/media?parent=50544"}],"curies":[{"name":"wp","href":"https:\/\/api.w.org\/{rel}","templated":true}]}}