{"id":51027,"date":"2020-02-18T11:30:56","date_gmt":"2020-02-18T16:30:56","guid":{"rendered":"https:\/\/unaburo.com\/?page_id=51027"},"modified":"2020-02-21T10:22:36","modified_gmt":"2020-02-21T15:22:36","slug":"merci","status":"publish","type":"page","link":"https:\/\/unaburo.com\/fr\/konect\/merci\/","title":{"rendered":"Merci de vous inscrire"},"content":{"rendered":"<p>[et_pb_section fb_built=\u00a0\u00bb1&Prime; _builder_version=\u00a0\u00bb4.0.11&Prime; background_image=\u00a0\u00bbhttps:\/\/unaburo.com\/wp-content\/uploads\/iStock-1182650732.jpg\u00a0\u00bb custom_margin=\u00a0\u00bb0px||0px||false|false\u00a0\u00bb custom_padding=\u00a0\u00bb0px||0px||false|false\u00a0\u00bb][et_pb_row _builder_version=\u00a0\u00bb4.0.11&Prime;][et_pb_column type=\u00a0\u00bb4_4&Prime; _builder_version=\u00a0\u00bb4.0.11&Prime;][et_pb_text _builder_version=\u00a0\u00bb4.0.11&Prime; header_font=\u00a0\u00bbMaven Pro|100||on|||||\u00a0\u00bb header_font_size=\u00a0\u00bb100px\u00a0\u00bb header_line_height=\u00a0\u00bb1.3em\u00a0\u00bb header_3_font=\u00a0\u00bbLato|900||on|||||\u00a0\u00bb header_3_font_size=\u00a0\u00bb15px\u00a0\u00bb header_3_letter_spacing=\u00a0\u00bb10px\u00a0\u00bb text_orientation=\u00a0\u00bbcenter\u00a0\u00bb background_layout=\u00a0\u00bbdark\u00a0\u00bb module_alignment=\u00a0\u00bbcenter\u00a0\u00bb header_font_size_tablet=\u00a0\u00bb60px\u00a0\u00bb header_font_size_phone=\u00a0\u00bb40px\u00a0\u00bb header_font_size_last_edited=\u00a0\u00bbon|phone\u00a0\u00bb header_3_font_size_tablet=\u00a0\u00bb\u00a0\u00bb header_3_font_size_phone=\u00a0\u00bb12px\u00a0\u00bb header_3_font_size_last_edited=\u00a0\u00bbon|phone\u00a0\u00bb header_3_letter_spacing_tablet=\u00a0\u00bb\u00a0\u00bb header_3_letter_spacing_phone=\u00a0\u00bb6px\u00a0\u00bb header_3_letter_spacing_last_edited=\u00a0\u00bbon|desktop\u00a0\u00bb]<\/p>\n<h1><span style=\"font-size: xx-large;\">Merci de vous inscrire<\/span><\/h1>\n<p>[\/et_pb_text][\/et_pb_column][\/et_pb_row][\/et_pb_section][et_pb_section fb_built=\u00a0\u00bb1&Prime; _builder_version=\u00a0\u00bb4.0.11&Prime; custom_margin=\u00a0\u00bb0px||0px||false|false\u00a0\u00bb custom_padding=\u00a0\u00bb0px||0px||false|false\u00a0\u00bb][et_pb_row column_structure=\u00a0\u00bb1_4,1_2,1_4&Prime; _builder_version=\u00a0\u00bb3.25&Prime;][et_pb_column type=\u00a0\u00bb1_4&Prime; _builder_version=\u00a0\u00bb3.25&Prime; custom_padding=\u00a0\u00bb|||\u00a0\u00bb custom_padding__hover=\u00a0\u00bb|||\u00a0\u00bb][\/et_pb_column][et_pb_column type=\u00a0\u00bb1_2&Prime; _builder_version=\u00a0\u00bb3.25&Prime; custom_padding=\u00a0\u00bb|||\u00a0\u00bb custom_padding__hover=\u00a0\u00bb|||\u00a0\u00bb][et_pb_code _builder_version=\u00a0\u00bb4.0.11&Prime; text_orientation=\u00a0\u00bbcenter\u00a0\u00bb hover_enabled=\u00a0\u00bb0&Prime;]<\/p>\n<div class=\"dropdown\"><!-- [et_pb_line_break_holder] -->  <button class=\"dropbtn\">Ajouter au calendrier<\/button><!-- [et_pb_line_break_holder] -->  <\/p>\n<div class=\"dropdown-content\"><!-- [et_pb_line_break_holder] -->    <a href=\"https:\/\/add.eventable.com\/generate\/5e44cee7a9bcf900172dc800\/?events[]=5e4e1c7970e5d0001d632067&#038;opt_in=false&#038;alias=UB&#038;email=True&#038;cal_type=gcal\" target=\"_blank\" rel=\"noopener noreferrer\">Google<\/a><!-- [et_pb_line_break_holder] -->    <a href=\"https:\/\/unaburo.com\/wp-content\/uploads\/E\u0301ve\u0301nements-Una-Buro.ics\" download target=\"_blank\" rel=\"noopener noreferrer\">Apple<\/a><!-- [et_pb_line_break_holder] -->    <a href=\"https:\/\/add.eventable.com\/generate\/5e44cee7a9bcf900172dc800\/?events[]=5e4e1c7970e5d0001d632067&#038;opt_in=false&#038;alias=UB&#038;email=True&#038;cal_type=outlook\" target=\"_blank\" rel=\"noopener noreferrer\">Outlook.com<\/a><!-- [et_pb_line_break_holder] -->    <a href=\"https:\/\/unaburo.com\/wp-content\/uploads\/E\u0301ve\u0301nements-Una-Buro.ics\" download target=\"_blank\" rel=\"noopener noreferrer\">Outlook Desktop<\/a><!-- [et_pb_line_break_holder] -->    <a href=\"https:\/\/add.eventable.com\/generate\/5e44cee7a9bcf900172dc800\/?events[]=5e4e1c7970e5d0001d632067&#038;opt_in=false&#038;alias=UB&#038;email=True&#038;cal_type=yahoo\" target=\"_blank\" rel=\"noopener noreferrer\">Yahoo<\/a><!-- [et_pb_line_break_holder] -->    <a href=\"https:\/\/unaburo.com\/wp-content\/uploads\/E\u0301ve\u0301nements-Una-Buro.ics\" download target=\"_blank\" rel=\"noopener noreferrer\">Autre<\/a><!-- [et_pb_line_break_holder] -->  <\/div>\n<p><!-- [et_pb_line_break_holder] --><\/div>\n<p>[\/et_pb_code][et_pb_text _builder_version=\u00a0\u00bb4.0.11&Prime; text_font=\u00a0\u00bb|300|||||||\u00a0\u00bb text_font_size=\u00a0\u00bb23px\u00a0\u00bb header_font=\u00a0\u00bb|300|||||||\u00a0\u00bb]<\/p>\n<p style=\"text-align: center;\">Un courriel de confirmation contenant des d\u00e9tails a \u00e9t\u00e9 envoy\u00e9. Veuillez v\u00e9rifier votre dossier de courrier ind\u00e9sirable si vous ne le voyez pas. Pour toute question, veuillez nous envoyer un courriel \u00e0 <a href=\"mailto:bonjour@unaburo.com\">bonjour@unaburo.com<\/a><\/p>\n<p style=\"text-align: center;\">Nous vous attendons le 19 mars 2020!<\/p>\n<p style=\"text-align: center;\">\n<p>[\/et_pb_text][\/et_pb_column][et_pb_column type=\u00a0\u00bb1_4&Prime; _builder_version=\u00a0\u00bb3.25&Prime; custom_padding=\u00a0\u00bb|||\u00a0\u00bb custom_padding__hover=\u00a0\u00bb|||\u00a0\u00bb][\/et_pb_column][\/et_pb_row][\/et_pb_section][et_pb_section fb_built=\u00a0\u00bb1&Prime; module_id=\u00a0\u00bbbottomEmailOptin\u00a0\u00bb _builder_version=\u00a0\u00bb3.0.89&Prime; use_background_color_gradient=\u00a0\u00bbon\u00a0\u00bb background_color_gradient_start=\u00a0\u00bbrgba(34,34,37,0.95)\u00a0\u00bb background_color_gradient_end=\u00a0\u00bbrgba(34,34,37,0.95)\u00a0\u00bb background_color_gradient_overlays_image=\u00a0\u00bbon\u00a0\u00bb background_image=\u00a0\u00bbhttps:\/\/unaburo.com\/wp-content\/uploads\/agency.jpg\u00a0\u00bb custom_padding=\u00a0\u00bb||0px|\u00a0\u00bb global_module=\u00a0\u00bb49647&Prime; saved_tabs=\u00a0\u00bball\u00a0\u00bb locked=\u00a0\u00bboff\u00a0\u00bb][et_pb_row _builder_version=\u00a0\u00bb3.25&Prime; custom_padding=\u00a0\u00bb0px||10px|\u00a0\u00bb][et_pb_column type=\u00a0\u00bb4_4&Prime; _builder_version=\u00a0\u00bb3.25&Prime; custom_padding=\u00a0\u00bb|||\u00a0\u00bb custom_padding__hover=\u00a0\u00bb|||\u00a0\u00bb][et_pb_divider color=\u00a0\u00bbrgba(255,255,255,0.15)\u00a0\u00bb _builder_version=\u00a0\u00bb3.2&Prime; height=\u00a0\u00bb1px\u00a0\u00bb][\/et_pb_divider][et_pb_social_media_follow _builder_version=\u00a0\u00bb3.19.18&Prime; text_orientation=\u00a0\u00bbcenter\u00a0\u00bb][et_pb_social_media_follow_network social_network=\u00a0\u00bbfacebook\u00a0\u00bb url=\u00a0\u00bbhttps:\/\/www.facebook.com\/unaburo\/\u00a0\u00bb _builder_version=\u00a0\u00bb3.19.18&Prime; background_color=\u00a0\u00bb#538096&Prime; follow_button=\u00a0\u00bboff\u00a0\u00bb url_new_window=\u00a0\u00bbon\u00a0\u00bb]Facebook[\/et_pb_social_media_follow_network][et_pb_social_media_follow_network social_network=\u00a0\u00bbyoutube\u00a0\u00bb url=\u00a0\u00bbhttps:\/\/www.youtube.com\/channel\/UCvcg5UIOG-KVTqp-3xGg_Bw\u00a0\u00bb _builder_version=\u00a0\u00bb3.19.18&Prime; background_color=\u00a0\u00bb#831c34&Prime; follow_button=\u00a0\u00bboff\u00a0\u00bb url_new_window=\u00a0\u00bbon\u00a0\u00bb]Youtube[\/et_pb_social_media_follow_network][et_pb_social_media_follow_network social_network=\u00a0\u00bblinkedin\u00a0\u00bb url=\u00a0\u00bbhttps:\/\/www.linkedin.com\/company\/una-buro\u00a0\u00bb _builder_version=\u00a0\u00bb3.19.18&Prime; background_color=\u00a0\u00bb#538096&Prime; follow_button=\u00a0\u00bboff\u00a0\u00bb url_new_window=\u00a0\u00bbon\u00a0\u00bb]LinkedIn[\/et_pb_social_media_follow_network][\/et_pb_social_media_follow][et_pb_text _builder_version=\u00a0\u00bb4.0.11&Prime; text_font=\u00a0\u00bbLato||||||||\u00a0\u00bb text_font_size=\u00a0\u00bb16px\u00a0\u00bb text_line_height=\u00a0\u00bb0.5em\u00a0\u00bb link_text_color=\u00a0\u00bb#b02c3c\u00a0\u00bb header_2_font=\u00a0\u00bbLato|300|||||||\u00a0\u00bb header_2_font_size=\u00a0\u00bb60px\u00a0\u00bb header_3_font=\u00a0\u00bbLato|300|||||||\u00a0\u00bb header_3_font_size=\u00a0\u00bb48px\u00a0\u00bb text_orientation=\u00a0\u00bbcenter\u00a0\u00bb background_layout=\u00a0\u00bbdark\u00a0\u00bb module_alignment=\u00a0\u00bbcenter\u00a0\u00bb custom_margin=\u00a0\u00bb||25px|\u00a0\u00bb text_text_shadow_style=\u00a0\u00bbpreset3&Prime; text_text_shadow_blur_strength=\u00a0\u00bb1.34em\u00a0\u00bb text_text_shadow_color=\u00a0\u00bbrgba(0,0,0,0.22)\u00a0\u00bb locked=\u00a0\u00bboff\u00a0\u00bb]<\/p>\n<p>\u00a9 2020 Una Buro<\/p>\n<p>107-2020 Trans Canda Route<\/p>\n<p>Dorval, QC H9P 2N4<\/p>\n<p>514-226-8451<\/p>\n<p><a href=\"mailto:hello@unaburo.com\">bonjour@unaburo.com<\/a><\/p>\n<p>[\/et_pb_text][\/et_pb_column][\/et_pb_row][\/et_pb_section]<\/p>\n","protected":false},"excerpt":{"rendered":"<p>Merci de vous inscrireUn courriel de confirmation contenant des d\u00e9tails a \u00e9t\u00e9 envoy\u00e9. Veuillez v\u00e9rifier votre dossier de courrier ind\u00e9sirable si vous ne le voyez pas. Pour toute question, veuillez nous envoyer un courriel \u00e0 bonjour@unaburo.com Nous vous attendons le 19 mars 2020! \u00a9 2020 Una Buro 107-2020 Trans Canda Route Dorval, QC H9P 2N4 [&hellip;]<\/p>\n","protected":false},"author":11,"featured_media":0,"parent":51013,"menu_order":0,"comment_status":"closed","ping_status":"closed","template":"","meta":{"_et_pb_use_builder":"on","_et_pb_old_content":"[et_pb_section fb_built=\"1\" custom_padding_last_edited=\"on|desktop\" _builder_version=\"4.0.11\" use_background_color_gradient=\"on\" background_color_gradient_start=\"rgba(123,162,175,0.75)\" background_color_gradient_end=\"rgba(83,128,150,0.76)\" background_color_gradient_direction=\"45deg\" background_color_gradient_overlays_image=\"on\" background_image=\"https:\/\/unaburo.com\/wp-content\/uploads\/una-buro-contact-info.jpg\" background_position=\"top_center\" min_height=\"291px\" custom_padding=\"0px||0px|||\" custom_padding_tablet=\"||100px|\" custom_padding_phone=\"\" bottom_divider_style=\"waves2\" bottom_divider_color=\"#ffffff\" bottom_divider_height=\"150px\" bottom_divider_height_tablet=\"75px\" bottom_divider_height_phone=\"50px\" bottom_divider_height_last_edited=\"on|phone\" locked=\"off\"][et_pb_row _builder_version=\"4.0.11\" background_size=\"initial\" background_position=\"top_left\" background_repeat=\"repeat\"][et_pb_column type=\"4_4\" _builder_version=\"3.25\" custom_padding=\"|||\" custom_padding__hover=\"|||\"][et_pb_text _builder_version=\"3.27.4\" header_font=\"Maven Pro|100||on|||||\" header_font_size=\"100px\" header_line_height=\"1.3em\" header_3_font=\"Lato|900||on|||||\" header_3_font_size=\"15px\" header_3_letter_spacing=\"10px\" text_orientation=\"center\" background_layout=\"dark\" module_alignment=\"center\" header_font_size_tablet=\"60px\" header_font_size_phone=\"40px\" header_font_size_last_edited=\"on|phone\" header_3_font_size_tablet=\"\" header_3_font_size_phone=\"12px\" header_3_font_size_last_edited=\"on|phone\" header_3_letter_spacing_tablet=\"\" header_3_letter_spacing_phone=\"6px\" header_3_letter_spacing_last_edited=\"on|desktop\"]<h1><span style=\"font-size: xx-large;\">thank you for registering<\/span><\/h1>[\/et_pb_text][\/et_pb_column][\/et_pb_row][\/et_pb_section][et_pb_section fb_built=\"1\" _builder_version=\"4.0.11\" custom_margin=\"0px||0px||false|false\" custom_padding=\"0px||0px||false|false\"][et_pb_row column_structure=\"1_4,1_2,1_4\" _builder_version=\"3.25\"][et_pb_column type=\"1_4\" _builder_version=\"3.25\" custom_padding=\"|||\" custom_padding__hover=\"|||\"][\/et_pb_column][et_pb_column type=\"1_2\" _builder_version=\"3.25\" custom_padding=\"|||\" custom_padding__hover=\"|||\"][et_pb_code _builder_version=\"4.0.11\" text_orientation=\"center\"]<a href=\"https:\/\/add.eventable.com\/events\/5e44cee7a9bcf900172dc800\/5e44cee8caea31001b806a37\/\" data-event=\"5e44cee8caea31001b806a37\" class=\"eventable-link\" target=\"_blank\" data-key=\"5e44cee7a9bcf900172dc800\" data-style=\"4\" rel=\"noopener noreferrer\">Add to Calendar<\/a><script>!function(d,s,id){var js,fjs=d.getElementsByTagName(s)[0];if(!d.getElementById(id)){js=d.createElement(s);js.id=id;js.src=\"https:\/\/plugins.eventable.com\/eventable.js\";fjs.parentNode.insertBefore(js, fjs);}}(document, \"script\", \"eventable-script\");<\/script>[\/et_pb_code][et_pb_text _builder_version=\"4.0.11\" text_font=\"|300|||||||\" text_font_size=\"23px\" header_font=\"|300|||||||\"]<p style=\"text-align: center;\">An email confirmation with details has been sent. Please check your spam folder if you do not see it. For questions please email us at <a href=\"mailto:hello@unaburo.com\">hello@unaburo.com<\/a><\/p>\r\n<p style=\"text-align: center;\">We are looking forward to seeing you on March 19, 2020!<\/p>\r\n<p style=\"text-align: center;\"><\/p>[\/et_pb_text][\/et_pb_column][et_pb_column type=\"1_4\" _builder_version=\"3.25\" custom_padding=\"|||\" custom_padding__hover=\"|||\"][\/et_pb_column][\/et_pb_row][\/et_pb_section][et_pb_section fb_built=\"1\" module_id=\"bottomEmailOptin\" _builder_version=\"4.0.11\" use_background_color_gradient=\"on\" background_color_gradient_start=\"rgba(34,34,37,0.95)\" background_color_gradient_end=\"rgba(34,34,37,0.95)\" background_color_gradient_overlays_image=\"on\" background_image=\"https:\/\/unaburo.com\/wp-content\/uploads\/agency.jpg\" custom_padding=\"||0px|\" global_module=\"49110\" saved_tabs=\"all\" locked=\"off\"][et_pb_row _builder_version=\"3.25\" custom_padding=\"0px||10px|\"][et_pb_column type=\"4_4\" _builder_version=\"3.25\" custom_padding=\"|||\" custom_padding__hover=\"|||\"][et_pb_social_media_follow _builder_version=\"3.19.18\" text_orientation=\"center\"][et_pb_social_media_follow_network social_network=\"facebook\" url=\"https:\/\/www.facebook.com\/unaburo\/\" _builder_version=\"3.19.18\" background_color=\"#538096\" follow_button=\"off\" url_new_window=\"on\"]<p>Facebook<\/p>[\/et_pb_social_media_follow_network][et_pb_social_media_follow_network social_network=\"youtube\" url=\"https:\/\/www.youtube.com\/channel\/UCvcg5UIOG-KVTqp-3xGg_Bw\" _builder_version=\"3.19.18\" background_color=\"#831c34\" follow_button=\"off\" url_new_window=\"on\"]<p>Youtube<\/p>[\/et_pb_social_media_follow_network][et_pb_social_media_follow_network social_network=\"linkedin\" url=\"https:\/\/www.linkedin.com\/company\/una-buro\" _builder_version=\"3.19.18\" background_color=\"#538096\" follow_button=\"off\" url_new_window=\"on\"]<p>LinkedIn<\/p>[\/et_pb_social_media_follow_network][\/et_pb_social_media_follow][et_pb_text _builder_version=\"4.0.11\" text_font=\"Lato||||||||\" text_font_size=\"16px\" text_line_height=\"0.5em\" link_text_color=\"#b02c3c\" header_2_font=\"Lato|300|||||||\" header_2_font_size=\"60px\" header_3_font=\"Lato|300|||||||\" header_3_font_size=\"48px\" text_orientation=\"center\" background_layout=\"dark\" module_alignment=\"center\" custom_margin=\"||25px|\" text_text_shadow_style=\"preset3\" text_text_shadow_blur_strength=\"1.34em\" text_text_shadow_color=\"rgba(0,0,0,0.22)\" locked=\"off\"]<p>\u00a9 2020 Una Buro<\/p>\r\n<p> 107-2020 Trans Canada Highway<\/p>\r\n<p>Dorval, QC H9P 2N4<\/p>\r\n<p>514-226-8451<\/p>\r\n<p><a href=\"mailto:hello@unaburo.com\">hello@unaburo.com<\/a><\/p>[\/et_pb_text][\/et_pb_column][\/et_pb_row][\/et_pb_section]","_et_gb_content_width":"","footnotes":""},"class_list":["post-51027","page","type-page","status-publish","hentry"],"aioseo_notices":[],"_links":{"self":[{"href":"https:\/\/unaburo.com\/fr\/wp-json\/wp\/v2\/pages\/51027","targetHints":{"allow":["GET"]}}],"collection":[{"href":"https:\/\/unaburo.com\/fr\/wp-json\/wp\/v2\/pages"}],"about":[{"href":"https:\/\/unaburo.com\/fr\/wp-json\/wp\/v2\/types\/page"}],"author":[{"embeddable":true,"href":"https:\/\/unaburo.com\/fr\/wp-json\/wp\/v2\/users\/11"}],"replies":[{"embeddable":true,"href":"https:\/\/unaburo.com\/fr\/wp-json\/wp\/v2\/comments?post=51027"}],"version-history":[{"count":17,"href":"https:\/\/unaburo.com\/fr\/wp-json\/wp\/v2\/pages\/51027\/revisions"}],"predecessor-version":[{"id":51214,"href":"https:\/\/unaburo.com\/fr\/wp-json\/wp\/v2\/pages\/51027\/revisions\/51214"}],"up":[{"embeddable":true,"href":"https:\/\/unaburo.com\/fr\/wp-json\/wp\/v2\/pages\/51013"}],"wp:attachment":[{"href":"https:\/\/unaburo.com\/fr\/wp-json\/wp\/v2\/media?parent=51027"}],"curies":[{"name":"wp","href":"https:\/\/api.w.org\/{rel}","templated":true}]}}