{"id":51727,"date":"2020-04-22T08:43:47","date_gmt":"2020-04-22T12:43:47","guid":{"rendered":"https:\/\/unaburo.com\/?page_id=51727"},"modified":"2020-04-22T09:07:18","modified_gmt":"2020-04-22T13:07:18","slug":"konectlesbenevoles","status":"publish","type":"page","link":"https:\/\/unaburo.com\/fr\/konectlesbenevoles\/","title":{"rendered":"Konect, les b\u00e9n\u00e9voles"},"content":{"rendered":"<p>[et_pb_section fb_built=\u00a0\u00bb1&Prime; admin_label=\u00a0\u00bbHero\u00a0\u00bb _builder_version=\u00a0\u00bb4.0.11&Prime; background_color=\u00a0\u00bb#7ba2af\u00a0\u00bb background_color_gradient_direction=\u00a0\u00bb271deg\u00a0\u00bb background_image=\u00a0\u00bbhttps:\/\/unaburo.com\/wp-content\/uploads\/iStock-1182650732.jpg\u00a0\u00bb min_height=\u00a0\u00bb640px\u00a0\u00bb custom_padding=\u00a0\u00bb|0px||||\u00a0\u00bb][et_pb_row make_equal=\u00a0\u00bbon\u00a0\u00bb _builder_version=\u00a0\u00bb4.0.11&Prime; background_color=\u00a0\u00bbrgba(0,0,0,0)\u00a0\u00bb background_enable_image=\u00a0\u00bboff\u00a0\u00bb background_position=\u00a0\u00bbtop_left\u00a0\u00bb background_repeat=\u00a0\u00bbrepeat-x\u00a0\u00bb width=\u00a0\u00bb100%\u00a0\u00bb max_width=\u00a0\u00bb100%\u00a0\u00bb custom_margin=\u00a0\u00bb|||\u00a0\u00bb custom_padding=\u00a0\u00bb||0px|||\u00a0\u00bb use_custom_width=\u00a0\u00bbon\u00a0\u00bb width_unit=\u00a0\u00bboff\u00a0\u00bb custom_width_percent=\u00a0\u00bb100%\u00a0\u00bb][et_pb_column type=\u00a0\u00bb4_4&Prime; _builder_version=\u00a0\u00bb3.25&Prime; custom_padding=\u00a0\u00bb60px|0px|100px|10%\u00a0\u00bb custom_padding_tablet=\u00a0\u00bb20px|10%|0px|10%\u00a0\u00bb custom_padding_phone=\u00a0\u00bb\u00a0\u00bb custom_padding_last_edited=\u00a0\u00bbon|desktop\u00a0\u00bb custom_padding__hover=\u00a0\u00bb|||\u00a0\u00bb][et_pb_text _builder_version=\u00a0\u00bb4.0.11&Prime; text_font=\u00a0\u00bb||||||||\u00a0\u00bb header_font=\u00a0\u00bb|700|||||||\u00a0\u00bb header_text_color=\u00a0\u00bb#ffffff\u00a0\u00bb header_font_size=\u00a0\u00bb46px\u00a0\u00bb header_line_height=\u00a0\u00bb1.3em\u00a0\u00bb background_layout=\u00a0\u00bbdark\u00a0\u00bb custom_margin=\u00a0\u00bb||0px|\u00a0\u00bb animation_style=\u00a0\u00bbflip\u00a0\u00bb animation_direction=\u00a0\u00bbtop\u00a0\u00bb]<\/p>\n<h1 style=\"text-align: left;\">Webinaire Konect | <b>Les b\u00e9n\u00e9voles: comment les mobiliser, les conserver et les organiser!<\/b><\/h1>\n<p>[\/et_pb_text][et_pb_text _builder_version=\u00a0\u00bb4.0.11&Prime; text_font=\u00a0\u00bb||||||||\u00a0\u00bb text_text_color=\u00a0\u00bb#ffffff\u00a0\u00bb text_font_size=\u00a0\u00bb26px\u00a0\u00bb text_line_height=\u00a0\u00bb1.8em\u00a0\u00bb header_font=\u00a0\u00bb||||||||\u00a0\u00bb background_layout=\u00a0\u00bbdark\u00a0\u00bb custom_margin=\u00a0\u00bb||10px|\u00a0\u00bb animation_style=\u00a0\u00bbflip\u00a0\u00bb animation_direction=\u00a0\u00bbtop\u00a0\u00bb animation_delay=\u00a0\u00bb50ms\u00a0\u00bb text_line_height_tablet=\u00a0\u00bb1.8em\u00a0\u00bb text_line_height_last_edited=\u00a0\u00bboff|desktop\u00a0\u00bb]<\/p>\n<p style=\"text-align: left;\">Le jeudi 23 avril, 12h00-13h00, Zoom<\/p>\n<p>[\/et_pb_text][et_pb_button button_url=\u00a0\u00bbhttps:\/\/us02web.zoom.us\/webinar\/register\/WN_800v2J1dQTWHdy0keD61qQ\u00a0\u00bb url_new_window=\u00a0\u00bbon\u00a0\u00bb button_text=\u00a0\u00bbInscription\u00a0\u00bb button_alignment=\u00a0\u00bbleft\u00a0\u00bb _builder_version=\u00a0\u00bb4.0.11&Prime; custom_button=\u00a0\u00bbon\u00a0\u00bb button_text_size=\u00a0\u00bb14px\u00a0\u00bb button_text_color=\u00a0\u00bb#538096&Prime; button_bg_color=\u00a0\u00bb#ffffff\u00a0\u00bb button_border_width=\u00a0\u00bb12px\u00a0\u00bb button_border_color=\u00a0\u00bb#ffffff\u00a0\u00bb button_border_radius=\u00a0\u00bb0px\u00a0\u00bb button_letter_spacing=\u00a0\u00bb1px\u00a0\u00bb button_font=\u00a0\u00bb|700||on|||||\u00a0\u00bb button_icon=\u00a0\u00bb%%3%%\u00a0\u00bb button_icon_color=\u00a0\u00bb#538096&Prime; button_on_hover=\u00a0\u00bboff\u00a0\u00bb background_layout=\u00a0\u00bbdark\u00a0\u00bb custom_margin=\u00a0\u00bb|||\u00a0\u00bb custom_padding=\u00a0\u00bb|||\u00a0\u00bb animation_style=\u00a0\u00bbflip\u00a0\u00bb animation_direction=\u00a0\u00bbtop\u00a0\u00bb animation_delay=\u00a0\u00bb200ms\u00a0\u00bb button_text_size__hover_enabled=\u00a0\u00bboff\u00a0\u00bb button_one_text_size__hover_enabled=\u00a0\u00bboff\u00a0\u00bb button_two_text_size__hover_enabled=\u00a0\u00bboff\u00a0\u00bb button_text_color__hover_enabled=\u00a0\u00bboff\u00a0\u00bb button_one_text_color__hover_enabled=\u00a0\u00bboff\u00a0\u00bb button_two_text_color__hover_enabled=\u00a0\u00bboff\u00a0\u00bb button_border_width__hover_enabled=\u00a0\u00bboff\u00a0\u00bb button_one_border_width__hover_enabled=\u00a0\u00bboff\u00a0\u00bb button_two_border_width__hover_enabled=\u00a0\u00bboff\u00a0\u00bb button_border_color__hover_enabled=\u00a0\u00bboff\u00a0\u00bb button_one_border_color__hover_enabled=\u00a0\u00bboff\u00a0\u00bb button_two_border_color__hover_enabled=\u00a0\u00bboff\u00a0\u00bb button_border_radius__hover_enabled=\u00a0\u00bboff\u00a0\u00bb button_one_border_radius__hover_enabled=\u00a0\u00bboff\u00a0\u00bb button_two_border_radius__hover_enabled=\u00a0\u00bboff\u00a0\u00bb button_letter_spacing__hover_enabled=\u00a0\u00bboff\u00a0\u00bb button_one_letter_spacing__hover_enabled=\u00a0\u00bboff\u00a0\u00bb button_two_letter_spacing__hover_enabled=\u00a0\u00bboff\u00a0\u00bb button_bg_color__hover_enabled=\u00a0\u00bboff\u00a0\u00bb button_one_bg_color__hover_enabled=\u00a0\u00bboff\u00a0\u00bb button_two_bg_color__hover_enabled=\u00a0\u00bboff\u00a0\u00bb][\/et_pb_button][\/et_pb_column][\/et_pb_row][\/et_pb_section][et_pb_section fb_built=\u00a0\u00bb1&Prime; admin_label=\u00a0\u00bbAbout\u00a0\u00bb _builder_version=\u00a0\u00bb4.0.11&Prime; custom_padding=\u00a0\u00bb10px|0px|10px|0px|false|false\u00a0\u00bb][et_pb_row column_structure=\u00a0\u00bb1_2,1_2&Prime; use_custom_gutter=\u00a0\u00bbon\u00a0\u00bb gutter_width=\u00a0\u00bb0&Prime; _builder_version=\u00a0\u00bb4.0.11&Prime; custom_margin=\u00a0\u00bb|||\u00a0\u00bb custom_padding=\u00a0\u00bb|||\u00a0\u00bb][et_pb_column type=\u00a0\u00bb1_2&Prime; _builder_version=\u00a0\u00bb3.25&Prime; custom_padding=\u00a0\u00bb|||\u00a0\u00bb custom_padding__hover=\u00a0\u00bb|||\u00a0\u00bb][et_pb_text _builder_version=\u00a0\u00bb4.0.11&Prime; text_font=\u00a0\u00bb||||||||\u00a0\u00bb header_font=\u00a0\u00bb||||||||\u00a0\u00bb header_2_font=\u00a0\u00bb||||||||\u00a0\u00bb header_2_text_color=\u00a0\u00bb#538096&Prime; header_2_font_size=\u00a0\u00bb40px\u00a0\u00bb header_2_line_height=\u00a0\u00bb1.3em\u00a0\u00bb custom_margin=\u00a0\u00bb|||\u00a0\u00bb custom_padding=\u00a0\u00bb||0px|||\u00a0\u00bb]<\/p>\n<h2>\u00c0 propos de l&rsquo;\u00e9v\u00e9nement<\/h2>\n<p>[\/et_pb_text][et_pb_divider color=\u00a0\u00bb#831c34&Prime; divider_position=\u00a0\u00bbcenter\u00a0\u00bb divider_weight=\u00a0\u00bb3px\u00a0\u00bb _builder_version=\u00a0\u00bb4.0.11&Prime; max_width=\u00a0\u00bb90px\u00a0\u00bb max_width_tablet=\u00a0\u00bb13%\u00a0\u00bb max_width_last_edited=\u00a0\u00bboff|desktop\u00a0\u00bb custom_margin=\u00a0\u00bb15px|||\u00a0\u00bb custom_padding=\u00a0\u00bb||0px|||\u00a0\u00bb][\/et_pb_divider][et_pb_text admin_label=\u00a0\u00bbdescription\u00a0\u00bb _builder_version=\u00a0\u00bb4.0.11&Prime; text_font=\u00a0\u00bb||||||||\u00a0\u00bb text_font_size=\u00a0\u00bb20px\u00a0\u00bb text_line_height=\u00a0\u00bb1.8em\u00a0\u00bb max_width_tablet=\u00a0\u00bb89%\u00a0\u00bb max_width_phone=\u00a0\u00bb97%\u00a0\u00bb max_width_last_edited=\u00a0\u00bboff|desktop\u00a0\u00bb custom_margin=\u00a0\u00bb14px|||||\u00a0\u00bb custom_padding=\u00a0\u00bb|||\u00a0\u00bb]<\/p>\n<p><span style=\"font-weight: 300;\">En r\u00e9ponse \u00e0 la popularit\u00e9 de notre premier webinaire offert en mars, l&rsquo;\u00e9quipe Konect est de retour, r\u00e9pondant aux demandes pour plus de contenu sur la gestion de crise pour les organisations \u00e0 but non lucratif.<\/span><\/p>\n<p><span style=\"font-weight: 300;\">\u00c9tant donn\u00e9 qu&rsquo;il s&rsquo;agit de la <\/span><b>Semaine nationale de l&rsquo;action b\u00e9n\u00e9vole<\/b><span style=\"font-weight: 300;\">, nous avons d\u00e9velopp\u00e9 notre contenu autour des sujets suivants:<\/span><\/p>\n<ul>\n<li style=\"font-weight: 300;\"><span style=\"font-weight: 300;\">Gouvernance en temps de crise (pr\u00e9sent\u00e9 par Kim de <\/span><a href=\"http:\/\/phil.ca\/fr\"><span style=\"font-weight: 300;\">Phil<\/span><\/a><span style=\"font-weight: 300;\">)<\/span><\/li>\n<li style=\"font-weight: 300;\"><span style=\"font-weight: 300;\">Gestion et engagement des b\u00e9n\u00e9voles (pr\u00e9sent\u00e9 par Fran\u00e7ois de <\/span><a href=\"http:\/\/simplyk.io\"><span style=\"font-weight: 300;\">Simplyk<\/span><\/a><span style=\"font-weight: 300;\">)<\/span><\/li>\n<li style=\"font-weight: 300;\">Outils pour automatiser les t\u00e2ches et organiser ses b\u00e9n\u00e9voles dans Salesforce ou Google Sheets (pr\u00e9sent\u00e9 par Julia de <a href=\"https:\/\/unaburo.com\/fr\/\">Una Buro<\/a>)<\/li>\n<\/ul>\n<p><span style=\"font-weight: 300;\">Chaque conf\u00e9rencier pr\u00e9sentera pendant 15 minutes, nous laissant suffisamment de temps pour avoir une p\u00e9riode de questions-r\u00e9ponses \u00e0 la fin. La s\u00e9ance questions-r\u00e9ponses est l&rsquo;occasion d&rsquo;entendre vos pairs et de b\u00e9n\u00e9ficier d&rsquo;exp\u00e9riences et pr\u00e9occupations partag\u00e9es.<\/span><\/p>\n<p><span style=\"font-weight: 300;\">Nous vous encourageons \u00e0 <\/span><b>inviter les membres de votre conseil d&rsquo;administration<\/b><span style=\"font-weight: 300;\"> \u00e0 participer \u00e0 ce webinaire.<\/span><\/p>\n<p><span style=\"font-weight: 300;\">Il reste encore des places disponibles, veuillez vous inscrire ci-dessous et partagez ce lien avec toute personne de votre r\u00e9seau qui b\u00e9n\u00e9ficierait de ce webinaire gratuit.<\/span><\/p>\n<p>[\/et_pb_text][\/et_pb_column][et_pb_column type=\u00a0\u00bb1_2&Prime; _builder_version=\u00a0\u00bb3.25&Prime; custom_padding=\u00a0\u00bb|||\u00a0\u00bb custom_padding__hover=\u00a0\u00bb|||\u00a0\u00bb][\/et_pb_column][\/et_pb_row][et_pb_row column_structure=\u00a0\u00bb1_2,1_2&Prime; use_custom_gutter=\u00a0\u00bbon\u00a0\u00bb gutter_width=\u00a0\u00bb0&Prime; _builder_version=\u00a0\u00bb4.0.11&Prime; custom_margin=\u00a0\u00bb|||\u00a0\u00bb custom_padding=\u00a0\u00bb|||\u00a0\u00bb][et_pb_column type=\u00a0\u00bb1_2&Prime; _builder_version=\u00a0\u00bb3.25&Prime; custom_padding=\u00a0\u00bb|||\u00a0\u00bb custom_padding__hover=\u00a0\u00bb|||\u00a0\u00bb][\/et_pb_column][et_pb_column type=\u00a0\u00bb1_2&Prime; _builder_version=\u00a0\u00bb3.25&Prime; custom_padding=\u00a0\u00bb|||\u00a0\u00bb custom_padding__hover=\u00a0\u00bb|||\u00a0\u00bb][et_pb_text _builder_version=\u00a0\u00bb4.0.11&Prime; text_font=\u00a0\u00bb||||||||\u00a0\u00bb header_font=\u00a0\u00bb||||||||\u00a0\u00bb header_2_font=\u00a0\u00bb||||||||\u00a0\u00bb header_2_text_color=\u00a0\u00bb#538096&Prime; header_2_font_size=\u00a0\u00bb40px\u00a0\u00bb header_2_line_height=\u00a0\u00bb1.3em\u00a0\u00bb custom_margin=\u00a0\u00bb|||\u00a0\u00bb custom_padding=\u00a0\u00bb||0px|||\u00a0\u00bb]<\/p>\n<h2><b>Avez-vous manqu\u00e9 le premier webinaire Konect ? <\/b><\/h2>\n<p>[\/et_pb_text][et_pb_divider color=\u00a0\u00bb#831c34&Prime; divider_position=\u00a0\u00bbcenter\u00a0\u00bb divider_weight=\u00a0\u00bb3px\u00a0\u00bb _builder_version=\u00a0\u00bb4.0.11&Prime; max_width=\u00a0\u00bb90px\u00a0\u00bb max_width_tablet=\u00a0\u00bb13%\u00a0\u00bb max_width_last_edited=\u00a0\u00bboff|desktop\u00a0\u00bb custom_margin=\u00a0\u00bb15px|||\u00a0\u00bb custom_padding=\u00a0\u00bb||0px|||\u00a0\u00bb][\/et_pb_divider][et_pb_text admin_label=\u00a0\u00bbdescription\u00a0\u00bb _builder_version=\u00a0\u00bb4.0.11&Prime; text_font=\u00a0\u00bb||||||||\u00a0\u00bb text_font_size=\u00a0\u00bb20px\u00a0\u00bb text_line_height=\u00a0\u00bb1.8em\u00a0\u00bb max_width_tablet=\u00a0\u00bb89%\u00a0\u00bb max_width_phone=\u00a0\u00bb97%\u00a0\u00bb max_width_last_edited=\u00a0\u00bboff|desktop\u00a0\u00bb custom_margin=\u00a0\u00bb14px|||||\u00a0\u00bb custom_padding=\u00a0\u00bb|||\u00a0\u00bb]<\/p>\n<p><span style=\"font-weight: 400;\">Voici un aper\u00e7u :<\/span><\/p>\n<p><a href=\"https:\/\/youtu.be\/af3MJOCFxKU\"><span style=\"font-weight: 400;\">Pr\u00e9sentation de Kim<\/span><\/a><span style=\"font-weight: 400;\"> : Leadership et gestion de crise. Comment, quoi et quand communiquer.<\/span><\/p>\n<p><a href=\"https:\/\/youtu.be\/ixUclnSsg0o\"><span style=\"font-weight: 400;\">Pr\u00e9sentation de Fran\u00e7ois<\/span><\/a><span style=\"font-weight: 400;\"> : Annulations d&rsquo;\u00e9v\u00e9nements. Meilleures pratiques pour les dons en ligne.<\/span><\/p>\n<p><a href=\"https:\/\/youtu.be\/Jt_d3dpBG4w\"><span style=\"font-weight: 400;\">Pr\u00e9sentation de\u00a0 Julia<\/span><\/a><span style=\"font-weight: 400;\"> : T\u00e9l\u00e9travail et outils gratuits. Liste de choses \u00e0 faire aujourd\u2019hui pour \u00eatre pr\u00eat demain. La qualit\u00e9 des donn\u00e9es.\u00a0<\/span><\/p>\n<p>[\/et_pb_text][\/et_pb_column][\/et_pb_row][et_pb_row _builder_version=\u00a0\u00bb3.25&Prime; custom_margin=\u00a0\u00bb|||\u00a0\u00bb custom_padding=\u00a0\u00bb|||\u00a0\u00bb][et_pb_column type=\u00a0\u00bb4_4&Prime; _builder_version=\u00a0\u00bb3.25&Prime; custom_padding=\u00a0\u00bb|||\u00a0\u00bb custom_padding__hover=\u00a0\u00bb|||\u00a0\u00bb][et_pb_text _builder_version=\u00a0\u00bb4.0.11&Prime; text_font=\u00a0\u00bb||||||||\u00a0\u00bb header_font=\u00a0\u00bb||||||||\u00a0\u00bb header_2_font=\u00a0\u00bb|300|||||||\u00a0\u00bb header_2_text_align=\u00a0\u00bbcenter\u00a0\u00bb header_2_text_color=\u00a0\u00bb#538096&Prime; header_2_font_size=\u00a0\u00bb40px\u00a0\u00bb header_2_line_height=\u00a0\u00bb1.3em\u00a0\u00bb max_width=\u00a0\u00bb700px\u00a0\u00bb module_alignment=\u00a0\u00bbcenter\u00a0\u00bb custom_margin=\u00a0\u00bb|||\u00a0\u00bb]<\/p>\n<h2>Propuls\u00e9 par<\/h2>\n<p>[\/et_pb_text][\/et_pb_column][\/et_pb_row][et_pb_row column_structure=\u00a0\u00bb1_3,1_3,1_3&Prime; admin_label=\u00a0\u00bbSponsors\u00a0\u00bb _builder_version=\u00a0\u00bb4.0.11&Prime; width=\u00a0\u00bb70%\u00a0\u00bb custom_margin=\u00a0\u00bb|||\u00a0\u00bb][et_pb_column type=\u00a0\u00bb1_3&Prime; _builder_version=\u00a0\u00bb3.25&Prime; custom_padding=\u00a0\u00bb|||\u00a0\u00bb custom_padding__hover=\u00a0\u00bb|||\u00a0\u00bb][et_pb_image src=\u00a0\u00bbhttps:\/\/unaburo.com\/wp-content\/uploads\/UNA-BURO_LOGO_rectangle2_colour_T-1-1.png\u00a0\u00bb align_tablet=\u00a0\u00bbcenter\u00a0\u00bb align_phone=\u00a0\u00bb\u00a0\u00bb align_last_edited=\u00a0\u00bbon|desktop\u00a0\u00bb _builder_version=\u00a0\u00bb4.0.11&Prime; max_width_tablet=\u00a0\u00bb50%\u00a0\u00bb max_width_phone=\u00a0\u00bb35%\u00a0\u00bb max_width_last_edited=\u00a0\u00bboff|desktop\u00a0\u00bb min_height=\u00a0\u00bb80px\u00a0\u00bb height=\u00a0\u00bb80px\u00a0\u00bb max_height=\u00a0\u00bb80px\u00a0\u00bb animation_style=\u00a0\u00bbfade\u00a0\u00bb][\/et_pb_image][et_pb_image src=\u00a0\u00bbhttps:\/\/unaburo.com\/wp-content\/uploads\/Julia_Founder-1-1.jpg\u00a0\u00bb align=\u00a0\u00bbcenter\u00a0\u00bb _builder_version=\u00a0\u00bb4.0.11&Prime;][\/et_pb_image][et_pb_text _builder_version=\u00a0\u00bb4.0.11&Prime;]<\/p>\n<p>Julia Khon, Fondatrice<\/p>\n<p>[\/et_pb_text][et_pb_text _builder_version=\u00a0\u00bb4.0.11&Prime; custom_padding=\u00a0\u00bb||0px|||\u00a0\u00bb]<\/p>\n<p><span style=\"font-weight: 400;\">Una Buro est une \u00e9quipe de sp\u00e9cialistes en technologie et d&rsquo;experts Salesforce. Leur objectif est de vous faire gagner du temps et de l&rsquo;argent.<\/span><\/p>\n<p>[\/et_pb_text][\/et_pb_column][et_pb_column type=\u00a0\u00bb1_3&Prime; _builder_version=\u00a0\u00bb3.25&Prime; custom_padding=\u00a0\u00bb|||\u00a0\u00bb custom_padding__hover=\u00a0\u00bb|||\u00a0\u00bb][et_pb_image src=\u00a0\u00bbhttps:\/\/unaburo.com\/wp-content\/uploads\/phil_Logo_Green.png\u00a0\u00bb align=\u00a0\u00bbcenter\u00a0\u00bb align_tablet=\u00a0\u00bbcenter\u00a0\u00bb align_phone=\u00a0\u00bb\u00a0\u00bb align_last_edited=\u00a0\u00bbon|desktop\u00a0\u00bb _builder_version=\u00a0\u00bb4.0.11&Prime; max_width_tablet=\u00a0\u00bb50%\u00a0\u00bb max_width_phone=\u00a0\u00bb35%\u00a0\u00bb max_width_last_edited=\u00a0\u00bboff|desktop\u00a0\u00bb min_height=\u00a0\u00bb80px\u00a0\u00bb height=\u00a0\u00bb80px\u00a0\u00bb max_height=\u00a0\u00bb80px\u00a0\u00bb animation_style=\u00a0\u00bbfade\u00a0\u00bb][\/et_pb_image][et_pb_image src=\u00a0\u00bbhttps:\/\/unaburo.com\/wp-content\/uploads\/Kim.jpeg\u00a0\u00bb align=\u00a0\u00bbcenter\u00a0\u00bb _builder_version=\u00a0\u00bb4.0.11&Prime;][\/et_pb_image][et_pb_text _builder_version=\u00a0\u00bb4.0.11&Prime; custom_margin=\u00a0\u00bb||23px|||\u00a0\u00bb]<\/p>\n<p>Kim Fuller, Fondatrice<\/p>\n<p>[\/et_pb_text][et_pb_text _builder_version=\u00a0\u00bb4.0.11&Prime;]<\/p>\n<p><span style=\"font-weight: 400;\">Depuis plus de 20 ans, Phil aide les organisations caritatives \u00e0 accro\u00eetre leur impact, en les sensibilisant davantage et en leur apportant plus d&rsquo;argent.<\/span><\/p>\n<p>[\/et_pb_text][\/et_pb_column][et_pb_column type=\u00a0\u00bb1_3&Prime; _builder_version=\u00a0\u00bb3.25&Prime; custom_padding=\u00a0\u00bb|||\u00a0\u00bb custom_padding__hover=\u00a0\u00bb|||\u00a0\u00bb][et_pb_image src=\u00a0\u00bbhttps:\/\/unaburo.com\/wp-content\/uploads\/simplyk-text-egg-hor-7fb742b037.png\u00a0\u00bb align=\u00a0\u00bbcenter\u00a0\u00bb align_tablet=\u00a0\u00bbcenter\u00a0\u00bb align_phone=\u00a0\u00bb\u00a0\u00bb align_last_edited=\u00a0\u00bbon|desktop\u00a0\u00bb _builder_version=\u00a0\u00bb4.0.11&Prime; max_width_tablet=\u00a0\u00bb50%\u00a0\u00bb max_width_phone=\u00a0\u00bb35%\u00a0\u00bb max_width_last_edited=\u00a0\u00bboff|desktop\u00a0\u00bb custom_margin=\u00a0\u00bb||52px|||\u00a0\u00bb custom_padding=\u00a0\u00bb19px|||||\u00a0\u00bb animation_style=\u00a0\u00bbfade\u00a0\u00bb][\/et_pb_image][et_pb_image src=\u00a0\u00bbhttps:\/\/unaburo.com\/wp-content\/uploads\/img-presentation-simplyk1-copy-2.v4.jpg\u00a0\u00bb align=\u00a0\u00bbcenter\u00a0\u00bb _builder_version=\u00a0\u00bb4.0.11&Prime;][\/et_pb_image][et_pb_text _builder_version=\u00a0\u00bb4.0.11&Prime; custom_margin=\u00a0\u00bb||13px|||\u00a0\u00bb custom_padding=\u00a0\u00bb||2px|||\u00a0\u00bb]<\/p>\n<p>Fran\u00e7ois de Kerret, Fondateur<\/p>\n<p>[\/et_pb_text][et_pb_text _builder_version=\u00a0\u00bb4.0.11&Prime; min_height=\u00a0\u00bb87px\u00a0\u00bb custom_padding=\u00a0\u00bb0px|||||\u00a0\u00bb]<\/p>\n<p><span style=\"font-weight: 400;\">Simplyk offre une plateforme de collecte de fonds 100% gratuite (billetterie, dons, adh\u00e9sion, b\u00e9n\u00e9volat)<\/span><\/p>\n<p>[\/et_pb_text][\/et_pb_column][\/et_pb_row][\/et_pb_section][et_pb_section fb_built=\u00a0\u00bb1&Prime; module_id=\u00a0\u00bbbottomEmailOptin\u00a0\u00bb _builder_version=\u00a0\u00bb3.0.89&Prime; use_background_color_gradient=\u00a0\u00bbon\u00a0\u00bb background_color_gradient_start=\u00a0\u00bbrgba(34,34,37,0.95)\u00a0\u00bb background_color_gradient_end=\u00a0\u00bbrgba(34,34,37,0.95)\u00a0\u00bb background_color_gradient_overlays_image=\u00a0\u00bbon\u00a0\u00bb background_image=\u00a0\u00bbhttps:\/\/unaburo.com\/wp-content\/uploads\/agency.jpg\u00a0\u00bb custom_padding=\u00a0\u00bb||0px|\u00a0\u00bb global_module=\u00a0\u00bb49647&Prime; saved_tabs=\u00a0\u00bball\u00a0\u00bb locked=\u00a0\u00bboff\u00a0\u00bb][et_pb_row _builder_version=\u00a0\u00bb3.25&Prime; custom_padding=\u00a0\u00bb0px||10px|\u00a0\u00bb][et_pb_column type=\u00a0\u00bb4_4&Prime; _builder_version=\u00a0\u00bb3.25&Prime; custom_padding=\u00a0\u00bb|||\u00a0\u00bb custom_padding__hover=\u00a0\u00bb|||\u00a0\u00bb][et_pb_divider color=\u00a0\u00bbrgba(255,255,255,0.15)\u00a0\u00bb _builder_version=\u00a0\u00bb3.2&Prime; height=\u00a0\u00bb1px\u00a0\u00bb][\/et_pb_divider][et_pb_social_media_follow _builder_version=\u00a0\u00bb3.19.18&Prime; text_orientation=\u00a0\u00bbcenter\u00a0\u00bb][et_pb_social_media_follow_network social_network=\u00a0\u00bbfacebook\u00a0\u00bb url=\u00a0\u00bbhttps:\/\/www.facebook.com\/unaburo\/\u00a0\u00bb _builder_version=\u00a0\u00bb3.19.18&Prime; background_color=\u00a0\u00bb#538096&Prime; follow_button=\u00a0\u00bboff\u00a0\u00bb url_new_window=\u00a0\u00bbon\u00a0\u00bb]Facebook[\/et_pb_social_media_follow_network][et_pb_social_media_follow_network social_network=\u00a0\u00bbyoutube\u00a0\u00bb url=\u00a0\u00bbhttps:\/\/www.youtube.com\/channel\/UCvcg5UIOG-KVTqp-3xGg_Bw\u00a0\u00bb _builder_version=\u00a0\u00bb3.19.18&Prime; background_color=\u00a0\u00bb#831c34&Prime; follow_button=\u00a0\u00bboff\u00a0\u00bb url_new_window=\u00a0\u00bbon\u00a0\u00bb]Youtube[\/et_pb_social_media_follow_network][et_pb_social_media_follow_network social_network=\u00a0\u00bblinkedin\u00a0\u00bb url=\u00a0\u00bbhttps:\/\/www.linkedin.com\/company\/una-buro\u00a0\u00bb _builder_version=\u00a0\u00bb3.19.18&Prime; background_color=\u00a0\u00bb#538096&Prime; follow_button=\u00a0\u00bboff\u00a0\u00bb url_new_window=\u00a0\u00bbon\u00a0\u00bb]LinkedIn[\/et_pb_social_media_follow_network][\/et_pb_social_media_follow][et_pb_text _builder_version=\u00a0\u00bb4.0.11&Prime; text_font=\u00a0\u00bbLato||||||||\u00a0\u00bb text_font_size=\u00a0\u00bb16px\u00a0\u00bb text_line_height=\u00a0\u00bb0.5em\u00a0\u00bb link_text_color=\u00a0\u00bb#b02c3c\u00a0\u00bb header_2_font=\u00a0\u00bbLato|300|||||||\u00a0\u00bb header_2_font_size=\u00a0\u00bb60px\u00a0\u00bb header_3_font=\u00a0\u00bbLato|300|||||||\u00a0\u00bb header_3_font_size=\u00a0\u00bb48px\u00a0\u00bb text_orientation=\u00a0\u00bbcenter\u00a0\u00bb background_layout=\u00a0\u00bbdark\u00a0\u00bb module_alignment=\u00a0\u00bbcenter\u00a0\u00bb custom_margin=\u00a0\u00bb||25px|\u00a0\u00bb text_text_shadow_style=\u00a0\u00bbpreset3&Prime; text_text_shadow_blur_strength=\u00a0\u00bb1.34em\u00a0\u00bb text_text_shadow_color=\u00a0\u00bbrgba(0,0,0,0.22)\u00a0\u00bb locked=\u00a0\u00bboff\u00a0\u00bb]<\/p>\n<p>\u00a9 2020 Una Buro<\/p>\n<p>107-2020 Trans Canda Route<\/p>\n<p>Dorval, QC H9P 2N4<\/p>\n<p>514-226-8451<\/p>\n<p><a href=\"mailto:hello@unaburo.com\">bonjour@unaburo.com<\/a><\/p>\n<p>[\/et_pb_text][\/et_pb_column][\/et_pb_row][\/et_pb_section]<\/p>\n","protected":false},"excerpt":{"rendered":"<p>Webinaire Konect | Les b\u00e9n\u00e9voles: comment les mobiliser, les conserver et les organiser!Le jeudi 23 avril, 12h00-13h00, Zoom\u00c0 propos de l&rsquo;\u00e9v\u00e9nementEn r\u00e9ponse \u00e0 la popularit\u00e9 de notre premier webinaire offert en mars, l&rsquo;\u00e9quipe Konect est de retour, r\u00e9pondant aux demandes pour plus de contenu sur la gestion de crise pour les organisations \u00e0 but non [&hellip;]<\/p>\n","protected":false},"author":5,"featured_media":0,"parent":0,"menu_order":0,"comment_status":"closed","ping_status":"closed","template":"","meta":{"_et_pb_use_builder":"on","_et_pb_old_content":"","_et_gb_content_width":"","footnotes":""},"class_list":["post-51727","page","type-page","status-publish","hentry"],"aioseo_notices":[],"_links":{"self":[{"href":"https:\/\/unaburo.com\/fr\/wp-json\/wp\/v2\/pages\/51727","targetHints":{"allow":["GET"]}}],"collection":[{"href":"https:\/\/unaburo.com\/fr\/wp-json\/wp\/v2\/pages"}],"about":[{"href":"https:\/\/unaburo.com\/fr\/wp-json\/wp\/v2\/types\/page"}],"author":[{"embeddable":true,"href":"https:\/\/unaburo.com\/fr\/wp-json\/wp\/v2\/users\/5"}],"replies":[{"embeddable":true,"href":"https:\/\/unaburo.com\/fr\/wp-json\/wp\/v2\/comments?post=51727"}],"version-history":[{"count":3,"href":"https:\/\/unaburo.com\/fr\/wp-json\/wp\/v2\/pages\/51727\/revisions"}],"predecessor-version":[{"id":51735,"href":"https:\/\/unaburo.com\/fr\/wp-json\/wp\/v2\/pages\/51727\/revisions\/51735"}],"wp:attachment":[{"href":"https:\/\/unaburo.com\/fr\/wp-json\/wp\/v2\/media?parent=51727"}],"curies":[{"name":"wp","href":"https:\/\/api.w.org\/{rel}","templated":true}]}}