{"id":53697,"date":"2024-10-08T15:52:15","date_gmt":"2024-10-08T19:52:15","guid":{"rendered":"https:\/\/unaburo.com\/etudes-de-cas\/share-the-warmth\/"},"modified":"2025-11-10T10:03:25","modified_gmt":"2025-11-10T15:03:25","slug":"partageons-lespoir","status":"publish","type":"page","link":"https:\/\/unaburo.com\/fr\/etudes-de-cas\/partageons-lespoir\/","title":{"rendered":"Partageons l\u2019espoir"},"content":{"rendered":"<p>[et_pb_section fb_built=\u00a0\u00bb1&Prime; custom_padding_last_edited=\u00a0\u00bbon|desktop\u00a0\u00bb _builder_version=\u00a0\u00bb4.16&Prime; use_background_color_gradient=\u00a0\u00bbon\u00a0\u00bb background_color_gradient_direction=\u00a0\u00bb45deg\u00a0\u00bb background_color_gradient_stops=\u00a0\u00bbrgba(123,162,175,0.75) 0%|rgba(83,128,150,0.76) 100%\u00a0\u00bb background_color_gradient_overlays_image=\u00a0\u00bbon\u00a0\u00bb background_color_gradient_start=\u00a0\u00bbrgba(123,162,175,0.75)\u00a0\u00bb background_color_gradient_end=\u00a0\u00bbrgba(83,128,150,0.76)\u00a0\u00bb background_image=\u00a0\u00bbhttps:\/\/unaburo.com\/wp-content\/uploads\/hands-and-heart.jpg\u00a0\u00bb background_position=\u00a0\u00bbtop_center\u00a0\u00bb custom_padding=\u00a0\u00bb0px||150px|\u00a0\u00bb custom_padding_tablet=\u00a0\u00bb||100px|\u00a0\u00bb custom_padding_phone=\u00a0\u00bb\u00a0\u00bb bottom_divider_style=\u00a0\u00bbwaves2&Prime; bottom_divider_color=\u00a0\u00bb#ffffff\u00a0\u00bb bottom_divider_height=\u00a0\u00bb150px\u00a0\u00bb bottom_divider_height_tablet=\u00a0\u00bb75px\u00a0\u00bb bottom_divider_height_phone=\u00a0\u00bb50px\u00a0\u00bb bottom_divider_height_last_edited=\u00a0\u00bbon|phone\u00a0\u00bb da_disable_devices=\u00a0\u00bboff|off|off\u00a0\u00bb global_colors_info=\u00a0\u00bb{}\u00a0\u00bb da_is_popup=\u00a0\u00bboff\u00a0\u00bb da_exit_intent=\u00a0\u00bboff\u00a0\u00bb da_has_close=\u00a0\u00bbon\u00a0\u00bb da_alt_close=\u00a0\u00bboff\u00a0\u00bb da_dark_close=\u00a0\u00bboff\u00a0\u00bb da_not_modal=\u00a0\u00bbon\u00a0\u00bb da_is_singular=\u00a0\u00bboff\u00a0\u00bb da_with_loader=\u00a0\u00bboff\u00a0\u00bb da_has_shadow=\u00a0\u00bbon\u00a0\u00bb][et_pb_row _builder_version=\u00a0\u00bb4.16&Prime; background_size=\u00a0\u00bbinitial\u00a0\u00bb background_position=\u00a0\u00bbtop_left\u00a0\u00bb background_repeat=\u00a0\u00bbrepeat\u00a0\u00bb global_colors_info=\u00a0\u00bb{}\u00a0\u00bb][et_pb_column type=\u00a0\u00bb4_4&Prime; _builder_version=\u00a0\u00bb4.16&Prime; custom_padding=\u00a0\u00bb|||\u00a0\u00bb global_colors_info=\u00a0\u00bb{}\u00a0\u00bb custom_padding__hover=\u00a0\u00bb|||\u00a0\u00bb][et_pb_text _builder_version=\u00a0\u00bb4.27.4&Prime; header_font=\u00a0\u00bbMaven Pro|100||on|||||\u00a0\u00bb header_font_size=\u00a0\u00bb100px\u00a0\u00bb header_line_height=\u00a0\u00bb1.3em\u00a0\u00bb header_3_font=\u00a0\u00bbLato|900||on|||||\u00a0\u00bb header_3_font_size=\u00a0\u00bb15px\u00a0\u00bb header_3_letter_spacing=\u00a0\u00bb10px\u00a0\u00bb text_orientation=\u00a0\u00bbcenter\u00a0\u00bb background_layout=\u00a0\u00bbdark\u00a0\u00bb module_alignment=\u00a0\u00bbcenter\u00a0\u00bb header_font_size_tablet=\u00a0\u00bb60px\u00a0\u00bb header_font_size_phone=\u00a0\u00bb40px\u00a0\u00bb header_font_size_last_edited=\u00a0\u00bbon|phone\u00a0\u00bb header_3_font_size_tablet=\u00a0\u00bb\u00a0\u00bb header_3_font_size_phone=\u00a0\u00bb12px\u00a0\u00bb header_3_font_size_last_edited=\u00a0\u00bbon|phone\u00a0\u00bb header_3_letter_spacing_tablet=\u00a0\u00bb\u00a0\u00bb header_3_letter_spacing_phone=\u00a0\u00bb6px\u00a0\u00bb header_3_letter_spacing_last_edited=\u00a0\u00bbon|desktop\u00a0\u00bb global_colors_info=\u00a0\u00bb{}\u00a0\u00bb]<\/p>\n<h1>Partageons l\u2019espoir<\/h1>\n<p>[\/et_pb_text][\/et_pb_column][\/et_pb_row][\/et_pb_section][et_pb_section fb_built=\u00a0\u00bb1&Prime; _builder_version=\u00a0\u00bb4.16&Prime; custom_padding=\u00a0\u00bb0px|||\u00a0\u00bb da_disable_devices=\u00a0\u00bboff|off|off\u00a0\u00bb locked=\u00a0\u00bboff\u00a0\u00bb global_colors_info=\u00a0\u00bb{}\u00a0\u00bb da_is_popup=\u00a0\u00bboff\u00a0\u00bb da_exit_intent=\u00a0\u00bboff\u00a0\u00bb da_has_close=\u00a0\u00bbon\u00a0\u00bb da_alt_close=\u00a0\u00bboff\u00a0\u00bb da_dark_close=\u00a0\u00bboff\u00a0\u00bb da_not_modal=\u00a0\u00bbon\u00a0\u00bb da_is_singular=\u00a0\u00bboff\u00a0\u00bb da_with_loader=\u00a0\u00bboff\u00a0\u00bb da_has_shadow=\u00a0\u00bbon\u00a0\u00bb][et_pb_row column_structure=\u00a0\u00bb3_4,1_4&Prime; _builder_version=\u00a0\u00bb4.25.2&Prime; _module_preset=\u00a0\u00bbdefault\u00a0\u00bb custom_padding=\u00a0\u00bb||0px|||\u00a0\u00bb global_colors_info=\u00a0\u00bb{}\u00a0\u00bb][et_pb_column type=\u00a0\u00bb3_4&Prime; _builder_version=\u00a0\u00bb4.25.2&Prime; _module_preset=\u00a0\u00bbdefault\u00a0\u00bb global_colors_info=\u00a0\u00bb{}\u00a0\u00bb][et_pb_text _builder_version=\u00a0\u00bb4.27.4&Prime; _module_preset=\u00a0\u00bbdefault\u00a0\u00bb hover_enabled=\u00a0\u00bb0&Prime; locked=\u00a0\u00bboff\u00a0\u00bb global_colors_info=\u00a0\u00bb{}\u00a0\u00bb sticky_enabled=\u00a0\u00bb0&Prime;]<\/p>\n<h2>Centraliser les op\u00e9rations et amplifier l\u2019impact :<\/h2>\n<h1>La transformation de Partageons l\u2019Espoir avec Salesforce NPSP<\/h1>\n<p>[\/et_pb_text][\/et_pb_column][et_pb_column type=\u00a0\u00bb1_4&Prime; _builder_version=\u00a0\u00bb4.25.2&Prime; _module_preset=\u00a0\u00bbdefault\u00a0\u00bb global_colors_info=\u00a0\u00bb{}\u00a0\u00bb][\/et_pb_column][\/et_pb_row][et_pb_row column_structure=\u00a0\u00bb2_3,1_3&Prime; custom_padding_last_edited=\u00a0\u00bbon|tablet\u00a0\u00bb _builder_version=\u00a0\u00bb4.16&Prime; background_size=\u00a0\u00bbinitial\u00a0\u00bb background_position=\u00a0\u00bbtop_left\u00a0\u00bb background_repeat=\u00a0\u00bbrepeat\u00a0\u00bb custom_padding=\u00a0\u00bb46px||||false|false\u00a0\u00bb custom_padding_tablet=\u00a0\u00bb\u00a0\u00bb custom_padding_phone=\u00a0\u00bb\u00a0\u00bb global_colors_info=\u00a0\u00bb{}\u00a0\u00bb][et_pb_column type=\u00a0\u00bb2_3&Prime; _builder_version=\u00a0\u00bb4.16&Prime; custom_padding=\u00a0\u00bb|||\u00a0\u00bb global_colors_info=\u00a0\u00bb{}\u00a0\u00bb custom_padding__hover=\u00a0\u00bb|||\u00a0\u00bb][et_pb_text _builder_version=\u00a0\u00bb4.25.2&Prime; _module_preset=\u00a0\u00bbdefault\u00a0\u00bb min_height=\u00a0\u00bb47.9px\u00a0\u00bb custom_margin=\u00a0\u00bb||0px||false|false\u00a0\u00bb locked=\u00a0\u00bboff\u00a0\u00bb global_colors_info=\u00a0\u00bb{}\u00a0\u00bb]<\/p>\n<h3>Client<\/h3>\n<p>[\/et_pb_text][et_pb_image src=\u00a0\u00bbhttps:\/\/unaburo.com\/wp-content\/uploads\/share-the-warmth-logo.jpg\u00a0\u00bb url=\u00a0\u00bbhttps:\/\/sharethewarmth.ca\/\u00a0\u00bb url_new_window=\u00a0\u00bbon\u00a0\u00bb align_tablet=\u00a0\u00bbcenter\u00a0\u00bb align_phone=\u00a0\u00bbcenter\u00a0\u00bb align_last_edited=\u00a0\u00bbon|desktop\u00a0\u00bb _builder_version=\u00a0\u00bb4.25.2&Prime; max_width=\u00a0\u00bb150px\u00a0\u00bb custom_margin=\u00a0\u00bb-5px|||||\u00a0\u00bb custom_margin_tablet=\u00a0\u00bb10px|||\u00a0\u00bb custom_margin_phone=\u00a0\u00bb\u00a0\u00bb custom_margin_last_edited=\u00a0\u00bbon|phone\u00a0\u00bb global_colors_info=\u00a0\u00bb{}\u00a0\u00bb][\/et_pb_image][et_pb_text admin_label=\u00a0\u00bbTagline\u00a0\u00bb module_class=\u00a0\u00bbgradientText gradientTextPinkPurple\u00a0\u00bb _builder_version=\u00a0\u00bb4.27.4&Prime; text_font=\u00a0\u00bb||||||||\u00a0\u00bb quote_font=\u00a0\u00bbLato|300|on|on|||||\u00a0\u00bb quote_font_size=\u00a0\u00bb36px\u00a0\u00bb header_font=\u00a0\u00bb||||||||\u00a0\u00bb header_2_font=\u00a0\u00bbMaven Pro|500||on|||||\u00a0\u00bb header_2_text_color=\u00a0\u00bb#831c34&Prime; header_2_font_size=\u00a0\u00bb55px\u00a0\u00bb header_2_line_height=\u00a0\u00bb-30px\u00a0\u00bb max_width_tablet=\u00a0\u00bb90%\u00a0\u00bb max_width_phone=\u00a0\u00bb\u00a0\u00bb max_width_last_edited=\u00a0\u00bbon|desktop\u00a0\u00bb module_alignment=\u00a0\u00bbcenter\u00a0\u00bb quote_font_size_tablet=\u00a0\u00bb30px\u00a0\u00bb quote_font_size_phone=\u00a0\u00bb\u00a0\u00bb quote_font_size_last_edited=\u00a0\u00bbon|desktop\u00a0\u00bb header_2_font_size_tablet=\u00a0\u00bb72px\u00a0\u00bb header_2_font_size_phone=\u00a0\u00bb60px\u00a0\u00bb header_2_font_size_last_edited=\u00a0\u00bbon|desktop\u00a0\u00bb global_colors_info=\u00a0\u00bb{}\u00a0\u00bb]<a href=\"https:\/\/partageonslespoir.ca\/\" target=\"_blank\" rel=\"noopener noreferrer\">Partageons l\u2019espoir\u00a0<\/a>est un groupe communautaire dont la mission est de combattre la faim et la pauvret\u00e9. L\u2019organisme s\u00e8me l&rsquo;espoir et le r\u00eave dans la communaut\u00e9, en offrant des programmes de formation \u00e0 l&#8217;emploi qui am\u00e9liorent la s\u00e9curit\u00e9 alimentaire, tout en favorisant le d\u00e9veloppement global et la r\u00e9ussite des jeunes.<\/p>\n<p>Le principal d\u00e9fi auquel l&rsquo;organisme faisait face \u00e9tait l\u2019existence de nombreux syst\u00e8mes isol\u00e9s (chiffriers) utilis\u00e9s pour g\u00e9rer les donateurs, les b\u00e9n\u00e9voles et d&rsquo;autres programmes cl\u00e9s pour la mission. Cela cr\u00e9ait des silos et emp\u00eachait d&rsquo;avoir une vue d&rsquo;ensemble. Il \u00e9tait difficile de transmettre l&rsquo;historique de l&rsquo;organisme aux nouveaux membres se joignant \u00e0 l&rsquo;\u00e9quipe.<\/p>\n<p>En installant Salesforce NPSP (ensemble de modules pour les dons, la collecte de fonds et les b\u00e9n\u00e9voles), nous avons aussi d\u00e9velopp\u00e9 des modules sur mesure pour leur banque alimentaire, la gestion de leur syst\u00e8me de commande et de livraison de nourriture dans les \u00e9coles, leurs programmes de bourses, ainsi que le suivi des \u00e9tudiants et des tuteurs. Ce faisant, Una Buro a r\u00e9solu un puzzle administratif majeur pour l&rsquo;organisme.<\/p>\n<p>Nous avons ensuite int\u00e9gr\u00e9 <em>CanadaHelps<\/em> et <em>Mailchimp<\/em> au syst\u00e8me, de m\u00eame que les outils de gestion <em>Ticketing<\/em> and <em>Event<\/em> et des pages de dons en ligne.<\/p>\n<p><strong>En leur permettant d\u2019avoir une vue globale des constituantes de leur syst\u00e8me et la capacit\u00e9 de produire des synth\u00e8ses pour \u00e9clairer leur action,<\/strong> Salesforce est devenu la pierre angulaire de la continuit\u00e9 organisationnelle, des processus de gestion des programmes et de bien d\u2019autres composantes de l\u2019organisme.[\/et_pb_text][\/et_pb_column][et_pb_column type=\u00a0\u00bb1_3&Prime; _builder_version=\u00a0\u00bb4.16&Prime; custom_padding=\u00a0\u00bb|||\u00a0\u00bb custom_padding_tablet=\u00a0\u00bb|||\u00a0\u00bb custom_padding_phone=\u00a0\u00bb|||\u00a0\u00bb custom_padding_last_edited=\u00a0\u00bbon|phone\u00a0\u00bb global_colors_info=\u00a0\u00bb{}\u00a0\u00bb custom_padding__hover=\u00a0\u00bb|||\u00a0\u00bb][et_pb_testimonial author=\u00a0\u00bbFiona Crossling\u00a0\u00bb company_name=\u00a0\u00bbPartageons l&rsquo;espoir\u00a0\u00bb portrait_url=\u00a0\u00bbhttps:\/\/unaburo.com\/wp-content\/uploads\/0.jpeg\u00a0\u00bb quote_icon=\u00a0\u00bboff\u00a0\u00bb _builder_version=\u00a0\u00bb4.27.4&Prime; global_colors_info=\u00a0\u00bb{}\u00a0\u00bb]<\/p>\n<p>\u00ab Julia et son \u00e9quipe sont incroyablement habiles pour simplifier les choses complexes et traduire des processus d&rsquo;affaires en modules logiques faciles \u00e0 comprendre et \u00e0 utiliser. Leur rapidit\u00e9 et leur professionnalisme rendent le changement organisationnel non seulement possible, mais agr\u00e9able! Je vous recommande fortement Una Buro si vous recherchez des consultants comp\u00e9tents avec le c\u0153ur \u00e0 la bonne place. \u00bb<\/p>\n<p>[\/et_pb_testimonial][\/et_pb_column][\/et_pb_row][\/et_pb_section][et_pb_section fb_built=\u00a0\u00bb1&Prime; module_id=\u00a0\u00bbbottomEmailOptin\u00a0\u00bb _builder_version=\u00a0\u00bb4.25.2&Prime; use_background_color_gradient=\u00a0\u00bbon\u00a0\u00bb background_color_gradient_stops=\u00a0\u00bbrgba(34,34,37,0.95) 0%|rgba(34,34,37,0.95) 100%\u00a0\u00bb background_color_gradient_overlays_image=\u00a0\u00bbon\u00a0\u00bb background_color_gradient_start=\u00a0\u00bbrgba(34,34,37,0.95)\u00a0\u00bb background_color_gradient_end=\u00a0\u00bbrgba(34,34,37,0.95)\u00a0\u00bb background_image=\u00a0\u00bbhttps:\/\/unaburo.com\/wp-content\/uploads\/agency.jpg\u00a0\u00bb z_index=\u00a0\u00bb-2&Prime; custom_padding=\u00a0\u00bb||0px|\u00a0\u00bb background_color_gradient_stops_tablet=\u00a0\u00bbrgba(34,34,37,0.95) 0%|rgba(34,34,37,0.95) 100%\u00a0\u00bb background_color_gradient_stops_phone=\u00a0\u00bbrgba(34,34,37,0.95) 0%|rgba(34,34,37,0.95) 100%\u00a0\u00bb da_disable_devices=\u00a0\u00bboff|off|off\u00a0\u00bb saved_tabs=\u00a0\u00bball\u00a0\u00bb locked=\u00a0\u00bboff\u00a0\u00bb global_colors_info=\u00a0\u00bb{}\u00a0\u00bb da_is_popup=\u00a0\u00bboff\u00a0\u00bb da_exit_intent=\u00a0\u00bboff\u00a0\u00bb da_has_close=\u00a0\u00bbon\u00a0\u00bb da_alt_close=\u00a0\u00bboff\u00a0\u00bb da_dark_close=\u00a0\u00bboff\u00a0\u00bb da_not_modal=\u00a0\u00bbon\u00a0\u00bb da_is_singular=\u00a0\u00bboff\u00a0\u00bb da_with_loader=\u00a0\u00bboff\u00a0\u00bb da_has_shadow=\u00a0\u00bbon\u00a0\u00bb][et_pb_row column_structure=\u00a0\u00bb1_3,1_3,1_3&Prime; _builder_version=\u00a0\u00bb4.25.2&Prime; z_index=\u00a0\u00bb-1&Prime; custom_padding=\u00a0\u00bb0px||10px|\u00a0\u00bb global_colors_info=\u00a0\u00bb{}\u00a0\u00bb][et_pb_column type=\u00a0\u00bb1_3&Prime; _builder_version=\u00a0\u00bb4.16&Prime; custom_padding=\u00a0\u00bb|||\u00a0\u00bb global_colors_info=\u00a0\u00bb{}\u00a0\u00bb custom_padding__hover=\u00a0\u00bb|||\u00a0\u00bb][et_pb_code _builder_version=\u00a0\u00bb4.25.2&Prime; _module_preset=\u00a0\u00bbdefault\u00a0\u00bb z_index=\u00a0\u00bb1&Prime; global_colors_info=\u00a0\u00bb{}\u00a0\u00bb]<iframe loading=\"lazy\" src=\"https:\/\/www2.unaburo.com\/l\/988182\/2022-09-20\/dbxq5c\" width=\"100%\" height=\"500\" type=\"text\/html\" frameborder=\"0\" allowTransparency=\"true\" style=\"border: 0\"><\/iframe>[\/et_pb_code][\/et_pb_column][et_pb_column type=\u00a0\u00bb1_3&Prime; _builder_version=\u00a0\u00bb4.16&Prime; custom_padding=\u00a0\u00bb|||\u00a0\u00bb global_colors_info=\u00a0\u00bb{}\u00a0\u00bb custom_padding__hover=\u00a0\u00bb|||\u00a0\u00bb][et_pb_social_media_follow _builder_version=\u00a0\u00bb4.25.2&Prime; z_index=\u00a0\u00bb1&Prime; text_orientation=\u00a0\u00bbcenter\u00a0\u00bb global_colors_info=\u00a0\u00bb{}\u00a0\u00bb][et_pb_social_media_follow_network social_network=\u00a0\u00bbfacebook\u00a0\u00bb url=\u00a0\u00bbhttps:\/\/www.facebook.com\/unaburo\/\u00a0\u00bb _builder_version=\u00a0\u00bb4.16&Prime; background_color=\u00a0\u00bb#538096&Prime; global_colors_info=\u00a0\u00bb{}\u00a0\u00bb follow_button=\u00a0\u00bboff\u00a0\u00bb url_new_window=\u00a0\u00bbon\u00a0\u00bb]<\/p>\n<p>Facebook<\/p>\n<p>[\/et_pb_social_media_follow_network][et_pb_social_media_follow_network social_network=\u00a0\u00bbyoutube\u00a0\u00bb url=\u00a0\u00bbhttps:\/\/www.youtube.com\/channel\/UCvcg5UIOG-KVTqp-3xGg_Bw\u00a0\u00bb _builder_version=\u00a0\u00bb4.16&Prime; background_color=\u00a0\u00bb#831c34&Prime; global_colors_info=\u00a0\u00bb{}\u00a0\u00bb follow_button=\u00a0\u00bboff\u00a0\u00bb url_new_window=\u00a0\u00bbon\u00a0\u00bb]<\/p>\n<p>Youtube<\/p>\n<p>[\/et_pb_social_media_follow_network][et_pb_social_media_follow_network social_network=\u00a0\u00bblinkedin\u00a0\u00bb url=\u00a0\u00bbhttps:\/\/www.linkedin.com\/company\/una-buro\u00a0\u00bb _builder_version=\u00a0\u00bb4.16&Prime; background_color=\u00a0\u00bb#538096&Prime; global_colors_info=\u00a0\u00bb{}\u00a0\u00bb follow_button=\u00a0\u00bboff\u00a0\u00bb url_new_window=\u00a0\u00bbon\u00a0\u00bb]<\/p>\n<p>LinkedIn<\/p>\n<p>[\/et_pb_social_media_follow_network][\/et_pb_social_media_follow][et_pb_text _builder_version=\u00a0\u00bb4.25.2&Prime; text_font=\u00a0\u00bbLato||||||||\u00a0\u00bb text_font_size=\u00a0\u00bb16px\u00a0\u00bb text_line_height=\u00a0\u00bb0.5em\u00a0\u00bb link_text_color=\u00a0\u00bb#b02c3c\u00a0\u00bb header_2_font=\u00a0\u00bbLato|300|||||||\u00a0\u00bb header_2_font_size=\u00a0\u00bb60px\u00a0\u00bb header_3_font=\u00a0\u00bbLato|300|||||||\u00a0\u00bb header_3_font_size=\u00a0\u00bb48px\u00a0\u00bb z_index=\u00a0\u00bb1&Prime; text_orientation=\u00a0\u00bbcenter\u00a0\u00bb background_layout=\u00a0\u00bbdark\u00a0\u00bb module_alignment=\u00a0\u00bbcenter\u00a0\u00bb custom_margin=\u00a0\u00bb||25px|\u00a0\u00bb text_text_shadow_style=\u00a0\u00bbpreset3&Prime; text_text_shadow_blur_strength=\u00a0\u00bb1.34em\u00a0\u00bb text_text_shadow_color=\u00a0\u00bbrgba(0,0,0,0.22)\u00a0\u00bb locked=\u00a0\u00bboff\u00a0\u00bb global_colors_info=\u00a0\u00bb{}\u00a0\u00bb]<\/p>\n<p>\u00a9 2024 Una Buro<\/p>\n<p>303-3535 Saint-Charles<\/p>\n<p>Kirkland, QC H9H 5B9<\/p>\n<p>514-226-8451<\/p>\n<p><a href=\"mailto:hello@unaburo.com\">hello@unaburo.com<\/a><\/p>\n<p>[\/et_pb_text][et_pb_text _builder_version=\u00a0\u00bb4.25.2&Prime; _dynamic_attributes=\u00a0\u00bblink_option_url\u00a0\u00bb text_font=\u00a0\u00bbLato||||||||\u00a0\u00bb text_font_size=\u00a0\u00bb16px\u00a0\u00bb text_line_height=\u00a0\u00bb0.5em\u00a0\u00bb link_text_color=\u00a0\u00bb#b02c3c\u00a0\u00bb header_2_font=\u00a0\u00bbLato|300|||||||\u00a0\u00bb header_2_font_size=\u00a0\u00bb60px\u00a0\u00bb header_3_font=\u00a0\u00bbLato|300|||||||\u00a0\u00bb header_3_font_size=\u00a0\u00bb48px\u00a0\u00bb z_index=\u00a0\u00bb1&Prime; text_orientation=\u00a0\u00bbcenter\u00a0\u00bb background_layout=\u00a0\u00bbdark\u00a0\u00bb module_alignment=\u00a0\u00bbcenter\u00a0\u00bb custom_margin=\u00a0\u00bb||25px|\u00a0\u00bb link_option_url=\u00a0\u00bb@ET-DC@eyJkeW5hbWljIjp0cnVlLCJjb250ZW50IjoicG9zdF9saW5rX3VybF9wYWdlIiwic2V0dGluZ3MiOnsicG9zdF9pZCI6IjUzMDU2In19@\u00a0\u00bb text_text_shadow_style=\u00a0\u00bbpreset3&Prime; text_text_shadow_blur_strength=\u00a0\u00bb1.34em\u00a0\u00bb text_text_shadow_color=\u00a0\u00bbrgba(0,0,0,0.22)\u00a0\u00bb locked=\u00a0\u00bboff\u00a0\u00bb global_colors_info=\u00a0\u00bb{}\u00a0\u00bb]<\/p>\n<p>Privacy Policy<\/p>\n<p>[\/et_pb_text][\/et_pb_column][et_pb_column type=\u00a0\u00bb1_3&Prime; _builder_version=\u00a0\u00bb4.16&Prime; custom_padding=\u00a0\u00bb|||\u00a0\u00bb global_colors_info=\u00a0\u00bb{}\u00a0\u00bb custom_padding__hover=\u00a0\u00bb|||\u00a0\u00bb][\/et_pb_column][\/et_pb_row][\/et_pb_section]<\/p>\n","protected":false},"excerpt":{"rendered":"<p>Partageons l\u2019espoirCentraliser les op\u00e9rations et amplifier l\u2019impact : La transformation de Partageons l\u2019Espoir avec Salesforce NPSPClientPartageons l\u2019espoir\u00a0est un groupe communautaire dont la mission est de combattre la faim et la pauvret\u00e9. L\u2019organisme s\u00e8me l&rsquo;espoir et le r\u00eave dans la communaut\u00e9, en offrant des programmes de formation \u00e0 l&#8217;emploi qui am\u00e9liorent la s\u00e9curit\u00e9 alimentaire, tout en [&hellip;]<\/p>\n","protected":false},"author":11,"featured_media":0,"parent":53719,"menu_order":0,"comment_status":"closed","ping_status":"closed","template":"","meta":{"_et_pb_use_builder":"on","_et_pb_old_content":"","_et_gb_content_width":"","footnotes":""},"class_list":["post-53697","page","type-page","status-publish","hentry"],"aioseo_notices":[],"_links":{"self":[{"href":"https:\/\/unaburo.com\/fr\/wp-json\/wp\/v2\/pages\/53697","targetHints":{"allow":["GET"]}}],"collection":[{"href":"https:\/\/unaburo.com\/fr\/wp-json\/wp\/v2\/pages"}],"about":[{"href":"https:\/\/unaburo.com\/fr\/wp-json\/wp\/v2\/types\/page"}],"author":[{"embeddable":true,"href":"https:\/\/unaburo.com\/fr\/wp-json\/wp\/v2\/users\/11"}],"replies":[{"embeddable":true,"href":"https:\/\/unaburo.com\/fr\/wp-json\/wp\/v2\/comments?post=53697"}],"version-history":[{"count":5,"href":"https:\/\/unaburo.com\/fr\/wp-json\/wp\/v2\/pages\/53697\/revisions"}],"predecessor-version":[{"id":53728,"href":"https:\/\/unaburo.com\/fr\/wp-json\/wp\/v2\/pages\/53697\/revisions\/53728"}],"up":[{"embeddable":true,"href":"https:\/\/unaburo.com\/fr\/wp-json\/wp\/v2\/pages\/53719"}],"wp:attachment":[{"href":"https:\/\/unaburo.com\/fr\/wp-json\/wp\/v2\/media?parent=53697"}],"curies":[{"name":"wp","href":"https:\/\/api.w.org\/{rel}","templated":true}]}}